{"id":2006,"date":"2024-08-09T12:38:36","date_gmt":"2024-08-09T10:38:36","guid":{"rendered":"https:\/\/www.site.wetaxi.it\/recarga-de-credito\/"},"modified":"2025-06-25T16:15:30","modified_gmt":"2025-06-25T14:15:30","slug":"recarga-de-credito","status":"publish","type":"page","link":"https:\/\/www.site.wetaxi.it\/es\/recarga-de-credito\/","title":{"rendered":"Recarga de cr\u00e9dito"},"content":{"rendered":"\t\t<div data-elementor-type=\"wp-page\" data-elementor-id=\"2006\" class=\"elementor elementor-2006 elementor-859\" data-elementor-post-type=\"page\">\n\t\t\t\t<div class=\"elementor-element elementor-element-07a7a9b e-flex e-con-boxed e-con e-parent\" data-id=\"07a7a9b\" data-element_type=\"container\" data-settings=\"{&quot;background_background&quot;:&quot;classic&quot;}\">\n\t\t\t\t\t<div class=\"e-con-inner\">\n\t\t<div class=\"elementor-element elementor-element-feeb601 e-con-full e-flex elementor-invisible e-con e-child\" data-id=\"feeb601\" data-element_type=\"container\" data-settings=\"{&quot;animation&quot;:&quot;fadeIn&quot;}\">\n\t\t\t\t<div class=\"elementor-element elementor-element-c9e4346 elementor-widget elementor-widget-text-editor\" data-id=\"c9e4346\" data-element_type=\"widget\" data-widget_type=\"text-editor.default\">\n\t\t\t\t<div class=\"elementor-widget-container\">\n\t\t\t\t\t\t\t<p>Tu cr\u00e9dito en la app<\/p>\n\t\t\t\t\t\t<\/div>\n\t\t\t\t<\/div>\n\t\t\t\t<div class=\"elementor-element elementor-element-61f70ea elementor-widget elementor-widget-heading\" data-id=\"61f70ea\" data-element_type=\"widget\" data-widget_type=\"heading.default\">\n\t\t\t\t<div class=\"elementor-widget-container\">\n\t\t\t<h1 class=\"elementor-heading-title elementor-size-default\">Recargar cr\u00e9dito Wetaxi<\/h1>\t\t<\/div>\n\t\t\t\t<\/div>\n\t\t\t\t<div class=\"elementor-element elementor-element-a1eff6b elementor-widget elementor-widget-text-editor\" data-id=\"a1eff6b\" data-element_type=\"widget\" data-widget_type=\"text-editor.default\">\n\t\t\t\t<div class=\"elementor-widget-container\">\n\t\t\t\t\t\t\t<p>Con <strong>el cr\u00e9dito Wetaxi<\/strong> <strong>dispones<\/strong> de un medio de transporte <strong>sencillo y seguro,<\/strong> donde y cuando quieras. Para tus desplazamientos por la ciudad, <strong>ya no necesitas dinero ni tarjetas<\/strong>.<\/p>\n<p>El cr\u00e9dito adquirido se asociar\u00e1 directamente a la cuenta indicada durante el proceso de compra.<\/p>\n<p><strong>No es necesario realizar ninguna operaci\u00f3n para utilizar el<\/strong> cr\u00e9dito, tras la recarga, la app Wetaxi establece autom\u00e1ticamente el cr\u00e9dito como forma de pago predeterminada.<\/p>\n<p>El Cr\u00e9dito Wetaxi adquirido mediante Recarga <strong>s\u00f3lo<\/strong> es <strong>v\u00e1lido para viajes realizados con el<\/strong> perfil <strong>personal<\/strong> <strong>de cada uno<\/strong> (sin perfil Wetaxi Business o Wetaxi BIZ).<\/p>\n<p>El Cr\u00e9dito Wetaxi es v\u00e1lido durante 12 meses despu\u00e9s de su activaci\u00f3n.<\/p>\n\t\t\t\t\t\t<\/div>\n\t\t\t\t<\/div>\n\t\t\t\t<div class=\"elementor-element elementor-element-5d47eee animated-fast elementor-invisible elementor-widget elementor-widget-image\" data-id=\"5d47eee\" data-element_type=\"widget\" data-settings=\"{&quot;_animation&quot;:&quot;fadeInRight&quot;}\" data-widget_type=\"image.default\">\n\t\t\t\t<div class=\"elementor-widget-container\">\n\t\t\t\t\t\t\t\t\t\t\t\t\t<img fetchpriority=\"high\" decoding=\"async\" width=\"800\" height=\"679\" src=\"https:\/\/www.site.wetaxi.it\/wp-content\/uploads\/2024\/07\/taxi-tmg-header-1024x869.png\" class=\"attachment-large size-large wp-image-1481\" alt=\"Ilustraci\u00f3n de un taxi, una billetera y un candado.\" srcset=\"https:\/\/www.site.wetaxi.it\/wp-content\/uploads\/2024\/07\/taxi-tmg-header-1024x869.png 1024w, https:\/\/www.site.wetaxi.it\/wp-content\/uploads\/2024\/07\/taxi-tmg-header-300x255.png 300w, https:\/\/www.site.wetaxi.it\/wp-content\/uploads\/2024\/07\/taxi-tmg-header-768x652.png 768w, https:\/\/www.site.wetaxi.it\/wp-content\/uploads\/2024\/07\/taxi-tmg-header-1536x1304.png 1536w, https:\/\/www.site.wetaxi.it\/wp-content\/uploads\/2024\/07\/taxi-tmg-header.png 1600w\" sizes=\"(max-width: 800px) 100vw, 800px\" \/>\t\t\t\t\t\t\t\t\t\t\t\t\t<\/div>\n\t\t\t\t<\/div>\n\t\t\t\t<\/div>\n\t\t<div class=\"elementor-element elementor-element-b2af651 e-con-full elementor-hidden-mobile e-flex e-con e-child\" data-id=\"b2af651\" data-element_type=\"container\">\n\t\t\t\t<div class=\"elementor-element elementor-element-5507530 elementor-widget elementor-widget-heading\" data-id=\"5507530\" data-element_type=\"widget\" data-widget_type=\"heading.default\">\n\t\t\t\t<div class=\"elementor-widget-container\">\n\t\t\t<h2 class=\"elementor-heading-title elementor-size-default\">Compra online un recambio <br>para ti o para quien t\u00fa quieras<\/h2>\t\t<\/div>\n\t\t\t\t<\/div>\n\t\t\t\t<div class=\"elementor-element elementor-element-4834e9d elementor-button-align-stretch elementor-widget elementor-widget-form\" data-id=\"4834e9d\" data-element_type=\"widget\" data-settings=\"{&quot;step_next_label&quot;:&quot;Siguiente&quot;,&quot;step_previous_label&quot;:&quot;Anterior&quot;,&quot;button_width&quot;:&quot;100&quot;,&quot;step_type&quot;:&quot;number_text&quot;,&quot;step_icon_shape&quot;:&quot;circle&quot;}\" data-widget_type=\"form.default\">\n\t\t\t\t<div class=\"elementor-widget-container\">\n\t\t\t\t\t<form class=\"elementor-form\" method=\"post\" id=\"formricarica\" name=\"Nuevo m\u00f3dulo\">\n\t\t\t<input type=\"hidden\" name=\"post_id\" value=\"2006\"\/>\n\t\t\t<input type=\"hidden\" name=\"form_id\" value=\"4834e9d\"\/>\n\t\t\t<input type=\"hidden\" name=\"referer_title\" value=\"\" \/>\n\n\t\t\t\n\t\t\t<div class=\"elementor-form-fields-wrapper elementor-labels-above\">\n\t\t\t\t\t\t\t\t<div class=\"elementor-field-type-select elementor-field-group elementor-column elementor-field-group-voucher elementor-col-100\">\n\t\t\t\t\t\t\t\t\t\t\t\t<label for=\"form-field-voucher\" class=\"elementor-field-label\">\n\t\t\t\t\t\t\t\tSelecciona el corte del recambio\t\t\t\t\t\t\t<\/label>\n\t\t\t\t\t\t\t\t<div class=\"elementor-field elementor-select-wrapper remove-before \">\n\t\t\t<div class=\"select-caret-down-wrapper\">\n\t\t\t\t<svg aria-hidden=\"true\" class=\"e-font-icon-svg e-eicon-caret-down\" viewBox=\"0 0 571.4 571.4\" xmlns=\"http:\/\/www.w3.org\/2000\/svg\"><path d=\"M571 393Q571 407 561 418L311 668Q300 679 286 679T261 668L11 418Q0 407 0 393T11 368 36 357H536Q550 357 561 368T571 393Z\"><\/path><\/svg>\t\t\t<\/div>\n\t\t\t<select name=\"form_fields[voucher]\" id=\"form-field-voucher\" class=\"elementor-field-textual elementor-size-sm\">\n\t\t\t\t\t\t\t\t\t<option value=\"10 \u20ac\">10 \u20ac<\/option>\n\t\t\t\t\t\t\t\t\t<option value=\"20 \u20ac\">20 \u20ac<\/option>\n\t\t\t\t\t\t\t\t\t<option value=\"25 \u20ac\">25 \u20ac<\/option>\n\t\t\t\t\t\t\t\t\t<option value=\"50 \u20ac\">50 \u20ac<\/option>\n\t\t\t\t\t\t\t\t\t<option value=\"100 \u20ac\">100 \u20ac<\/option>\n\t\t\t\t\t\t\t<\/select>\n\t\t<\/div>\n\t\t\t\t\t\t<\/div>\n\t\t\t\t\t\t\t\t<div class=\"elementor-field-type-tel elementor-field-group elementor-column elementor-field-group-phone elementor-col-100 elementor-field-required\">\n\t\t\t\t\t\t\t\t\t\t\t\t<label for=\"form-field-phone\" class=\"elementor-field-label\">\n\t\t\t\t\t\t\t\tN\u00famero de tel\u00e9fono de la cuenta que se va a recargar\t\t\t\t\t\t\t<\/label>\n\t\t\t\t\t\t\t\t<input size=\"1\" type=\"tel\" name=\"form_fields[phone]\" id=\"form-field-phone\" class=\"elementor-field elementor-size-sm  elementor-field-textual\" placeholder=\"+39 000 0000 000\" required=\"required\" aria-required=\"true\" pattern=\"[0-9()#&amp;+*-=.]+\" title=\"Solo se aceptan n\u00fameros y caracteres de tel\u00e9fono (#,-,*,etc).\">\n\n\t\t\t\t\t\t<\/div>\n\t\t\t\t\t\t\t\t<div class=\"elementor-field-type-text elementor-field-group elementor-column elementor-field-group-name elementor-col-100\">\n\t\t\t\t\t\t\t\t\t\t\t\t<label for=\"form-field-name\" class=\"elementor-field-label\">\n\t\t\t\t\t\t\t\tIntroduce tu nombre\t\t\t\t\t\t\t<\/label>\n\t\t\t\t\t\t\t\t\t\t\t\t\t\t<input size=\"1\" type=\"text\" name=\"form_fields[name]\" id=\"form-field-name\" class=\"elementor-field elementor-size-sm  elementor-field-textual\" placeholder=\"Nombre\">\n\t\t\t\t\t\t\t\t\t\t\t<\/div>\n\t\t\t\t\t\t\t\t<div class=\"elementor-field-type-text elementor-field-group elementor-column elementor-field-group-surname elementor-col-100\">\n\t\t\t\t\t\t\t\t\t\t\t\t<label for=\"form-field-surname\" class=\"elementor-field-label\">\n\t\t\t\t\t\t\t\tIntroduce tu apellido\t\t\t\t\t\t\t<\/label>\n\t\t\t\t\t\t\t\t\t\t\t\t\t\t<input size=\"1\" type=\"text\" name=\"form_fields[surname]\" id=\"form-field-surname\" class=\"elementor-field elementor-size-sm  elementor-field-textual\" placeholder=\"Apellido\">\n\t\t\t\t\t\t\t\t\t\t\t<\/div>\n\t\t\t\t\t\t\t\t<div class=\"elementor-field-type-email elementor-field-group elementor-column elementor-field-group-email elementor-col-100\">\n\t\t\t\t\t\t\t\t\t\t\t\t<label for=\"form-field-email\" class=\"elementor-field-label\">\n\t\t\t\t\t\t\t\tEnv\u00eda un correo electr\u00f3nico a\t\t\t\t\t\t\t<\/label>\n\t\t\t\t\t\t\t\t\t\t\t\t\t\t<input size=\"1\" type=\"email\" name=\"form_fields[email]\" id=\"form-field-email\" class=\"elementor-field elementor-size-sm  elementor-field-textual\">\n\t\t\t\t\t\t\t\t\t\t\t<\/div>\n\t\t\t\t\t\t\t\t<div class=\"elementor-field-type-acceptance elementor-field-group elementor-column elementor-field-group-field_255bfd9 elementor-col-100\">\n\t\t\t\t\t\t\t<div class=\"elementor-field-subgroup\">\n\t\t\t<span class=\"elementor-field-option\">\n\t\t\t\t<input type=\"checkbox\" name=\"form_fields[field_255bfd9]\" id=\"form-field-field_255bfd9\" class=\"elementor-field elementor-size-sm  elementor-acceptance-field\">\n\t\t\t\t<label for=\"form-field-field_255bfd9\">Env\u00eda un SMS al n\u00famero que vas a recargar<\/label>\t\t\t<\/span>\n\t\t<\/div>\n\t\t\t\t\t\t<\/div>\n\t\t\t\t\t\t\t\t<div class=\"elementor-field-type-acceptance elementor-field-group elementor-column elementor-field-group-field_c533117 elementor-col-100 elementor-field-required\">\n\t\t\t\t\t\t\t<div class=\"elementor-field-subgroup\">\n\t\t\t<span class=\"elementor-field-option\">\n\t\t\t\t<input type=\"checkbox\" name=\"form_fields[field_c533117]\" id=\"form-field-field_c533117\" class=\"elementor-field elementor-size-sm  elementor-acceptance-field\" required=\"required\" aria-required=\"true\">\n\t\t\t\t<label for=\"form-field-field_c533117\">Acepto las <a href=\"https:\/\/wetaxi.it\/legale\/Wetaxi-Credito-(Voucher-e-Ricarica)-Termini-e-condizioni-di-utilizzo.pdf\" target=\"_blank\">condiciones de uso<\/a>\ndel servicio y he le\u00eddo <a href=\"https:\/\/wetaxi.it\/legale\/Wetaxi-Credito-(Voucher-e-Ricarica)-Privacy.pdf\" target=\"_blank\">la pol\u00edtica de privacidad<\/a><\/label>\t\t\t<\/span>\n\t\t<\/div>\n\t\t\t\t\t\t<\/div>\n\t\t\t\t\t\t\t\t<div class=\"elementor-field-group elementor-column elementor-field-type-submit elementor-col-100 e-form__buttons\">\n\t\t\t\t\t<button class=\"elementor-button elementor-size-sm\" type=\"submit\">\n\t\t\t\t\t\t<span class=\"elementor-button-content-wrapper\">\n\t\t\t\t\t\t\t\t\t\t\t\t\t\t\t\t\t\t\t\t\t\t<span class=\"elementor-button-text\">TARJETA DE CR\u00c9DITO<\/span>\n\t\t\t\t\t\t\t\t\t\t\t\t\t<\/span>\n\t\t\t\t\t<\/button>\n\t\t\t\t<\/div>\n\t\t\t<\/div>\n\t\t<\/form>\n\t\t\t\t<\/div>\n\t\t\t\t<\/div>\n\t\t\t\t<div class=\"elementor-element elementor-element-9b9d1ec elementor-widget elementor-widget-html\" data-id=\"9b9d1ec\" data-element_type=\"widget\" data-widget_type=\"html.default\">\n\t\t\t\t<div class=\"elementor-widget-container\">\n\t\t\t\n<script src=\"https:\/\/js.stripe.com\/v3\/\"><\/script><script>document.addEventListener('DOMContentLoaded', function() {\n  const stripe = Stripe('pk_live_5QlDOy3PjofF0iIFAJNZiTXi');  \/\/ Chiave pubblica di Stripe\n  console.log('Ciao funziona!')\n  document.getElementById('formricarica').addEventListener('submit', function(event) {\n    event.preventDefault();\n    \n    \/\/ Dati del modulo che puoi inviare al server per creare la sessione\n    const formData = new FormData(event.target);\n    \/\/ Chiamata al server per ottenere il sessionId\n    const voucherValueString = document.getElementById('form-field-voucher').value\n    const voucher = voucherValueString.split(' ')[0]\n    const phoneString = document.getElementById('form-field-phone').value\n    const phonePrefix = phoneString.slice(0,3);\n    const phoneNumber = phoneString.slice(3);\n    const mFormData = {\n        voucher,\n        name: document.getElementById('form-field-name').value,\n        surname: document.getElementById('form-field-surname').value,\n        email: document.getElementById('form-field-email').value,\n        mobile: {\n            number: phoneNumber,\n            prefix: phonePrefix\n        },\n        successUrl:'https:\/\/site.wetaxi.it\/es\/recarga-con-exito',\n        cancelUrl:'https:\/\/site.wetaxi.it\/es\/error-de-recarga'\n    };\n    \n    const myHeaders = new Headers();\n    const vouchersUrl = 'https:\/\/wetaxi.it\/datasrv\/v5\/web\/checkout\/vouchers';\n    myHeaders.append(\"Content-Type\", \"application\/json\");\n    fetch(vouchersUrl, {\n      method: 'POST',\n      body: JSON.stringify(mFormData),\n      headers: myHeaders\n    })\n    .then(response => response.json())\n    .then(data => {\n      \/\/ Reindirizza a Stripe Checkout usando il sessionId\n      return stripe.redirectToCheckout({ sessionId: data.sessionId });\n    })\n    .then(function(result) {\n      if (result.error) {\n        alert(result.error.message);\n      }\n    })\n    .catch(function(error) {\n      console.error('Errore:', error);\n    });\n  });\n});\n<\/script>\t\t<\/div>\n\t\t\t\t<\/div>\n\t\t\t\t<\/div>\n\t\t\t\t\t<\/div>\n\t\t\t\t<\/div>\n\t\t\t\t<\/div>\n\t\t","protected":false},"excerpt":{"rendered":"<p>Tu cr\u00e9dito en la app Recargar cr\u00e9dito Wetaxi Con el cr\u00e9dito Wetaxi dispones de un medio de transporte sencillo y seguro, donde y cuando quieras. Para tus desplazamientos por la ciudad, ya no necesitas dinero ni tarjetas. El cr\u00e9dito adquirido se asociar\u00e1 directamente a la cuenta indicada durante el proceso de compra. No es necesario [&hellip;]<\/p>\n","protected":false},"author":3,"featured_media":0,"parent":0,"menu_order":0,"comment_status":"closed","ping_status":"closed","template":"","meta":{"footnotes":""},"class_list":["post-2006","page","type-page","status-publish","hentry"],"_links":{"self":[{"href":"https:\/\/www.site.wetaxi.it\/es\/wp-json\/wp\/v2\/pages\/2006","targetHints":{"allow":["GET"]}}],"collection":[{"href":"https:\/\/www.site.wetaxi.it\/es\/wp-json\/wp\/v2\/pages"}],"about":[{"href":"https:\/\/www.site.wetaxi.it\/es\/wp-json\/wp\/v2\/types\/page"}],"author":[{"embeddable":true,"href":"https:\/\/www.site.wetaxi.it\/es\/wp-json\/wp\/v2\/users\/3"}],"replies":[{"embeddable":true,"href":"https:\/\/www.site.wetaxi.it\/es\/wp-json\/wp\/v2\/comments?post=2006"}],"version-history":[{"count":4,"href":"https:\/\/www.site.wetaxi.it\/es\/wp-json\/wp\/v2\/pages\/2006\/revisions"}],"predecessor-version":[{"id":2022,"href":"https:\/\/www.site.wetaxi.it\/es\/wp-json\/wp\/v2\/pages\/2006\/revisions\/2022"}],"wp:attachment":[{"href":"https:\/\/www.site.wetaxi.it\/es\/wp-json\/wp\/v2\/media?parent=2006"}],"curies":[{"name":"wp","href":"https:\/\/api.w.org\/{rel}","templated":true}]}}