{"id":1948,"date":"2025-06-16T16:36:55","date_gmt":"2025-06-16T14:36:55","guid":{"rendered":"https:\/\/www.site.wetaxi.it\/declaracion-de-accesibilidad-de-la-app-wetaxi\/"},"modified":"2025-06-20T14:57:48","modified_gmt":"2025-06-20T12:57:48","slug":"declaracion-de-accesibilidad-de-la-app-wetaxi","status":"publish","type":"page","link":"https:\/\/www.site.wetaxi.it\/es\/declaracion-de-accesibilidad-de-la-app-wetaxi\/","title":{"rendered":"Declaraci\u00f3n de accesibilidad de la app Wetaxi"},"content":{"rendered":"\t\t<div data-elementor-type=\"wp-page\" data-elementor-id=\"1948\" class=\"elementor elementor-1948 elementor-1905\" data-elementor-post-type=\"page\">\n\t\t\t\t<div class=\"elementor-element elementor-element-3ed5013 e-flex e-con-boxed e-con e-parent\" data-id=\"3ed5013\" data-element_type=\"container\">\n\t\t\t\t\t<div class=\"e-con-inner\">\n\t\t\t\t<div class=\"elementor-element elementor-element-274caa9 elementor-widget elementor-widget-text-editor\" data-id=\"274caa9\" data-element_type=\"widget\" data-widget_type=\"text-editor.default\">\n\t\t\t\t<div class=\"elementor-widget-container\">\n\t\t\t\t\t\t\t<h2><strong>Declaraci\u00f3n de accesibilidad de la app Wetaxi<\/strong><\/h2>\n<p><strong>Versi\u00f3n Junio 2025<\/strong><\/p>\n<p>WeTechnology Slr se compromete a hacer accesible la app <strong>Wetaxi &#8211; Todo en uno<\/strong>, de conformidad con la ley de 9 de enero de 2004, n\u00fam. 4.<\/p>\n<p>Esta declaraci\u00f3n de accesibilidad se aplica a la aplicaci\u00f3n m\u00f3vil Wetaxi &#8211; Todo en uno.<\/p>\n<h2>Estado de cumplimiento<\/h2>\n<p>La aplicaci\u00f3n Wetaxi Todo en uno cumple parcialmente los requisitos del Ap\u00e9ndice A de la norma UNI CEI EN 301549 debido a los casos de incumplimiento y\/o excepciones que se indican a continuaci\u00f3n.<\/p>\n<h2>Contenido no accesible  <\/h2>\n<p>Los contenidos enumerados a continuaci\u00f3n no son accesibles por las siguientes razones:<\/p>\n<p>(a) Carga desproporcionada.<\/p>\n<p>A nivel general:<\/p>\n<ul>\n<li>la parte de VoiceOver puede faltar en algunas secciones de la aplicaci\u00f3n<\/li>\n<li>algunos contrastes de color pueden ser inferiores a 4,5:1<\/li>\n<li>falta la funci\u00f3n de control por voz<\/li>\n<li>los textos de la app a\u00fan no tienen funci\u00f3n de ampliaci\u00f3n<\/li>\n<li>no se admite el modo de interfaz oscura<\/li>\n<li>el control de velocidad reducida puede faltar en algunas animaciones<\/li>\n<li>puede faltar el texto alternativo y las descripciones de voz de algunas im\u00e1genes o v\u00eddeos<\/li>\n<\/ul>\n<p>La aplicaci\u00f3n se desarroll\u00f3 teniendo en cuenta la mayor\u00eda de los criterios de accesibilidad. Es una carga desproporcionada adaptar completamente las distintas secciones a las normas de las directrices, pero est\u00e1 previsto trabajar en el futuro para mejorar la accesibilidad. <\/p>\n<h2>Redactar la declaraci\u00f3n de accesibilidad<\/h2>\n<p>Esta declaraci\u00f3n se hizo el 05\/06\/2025.<\/p>\n<p>La declaraci\u00f3n se realiz\u00f3 mediante una evaluaci\u00f3n conforme a los requisitos de la Directiva (UE) 2016\/2012.<\/p>\n<p>Autoevaluaci\u00f3n manual por operaci\u00f3n. \u00daltimo an\u00e1lisis: 16\/06\/2025. <\/p>\n<p>La declaraci\u00f3n se revis\u00f3 por \u00faltima vez el 16\/06\/2025.<\/p>\n<h2>Modalidades de informaci\u00f3n y datos de contacto de la entidad informadora<\/h2>\n<p>Si se detecta una falta de conformidad con los principios de accesibilidad, el usuario puede enviar un informe a la siguiente direcci\u00f3n de correo electr\u00f3nico: <a class=\"c-link\" href=\"mailto:accessibility@wetaxi.it\" target=\"_blank\" rel=\"noopener noreferrer\" data-stringify-link=\"mailto:accessibility@wetaxi.it\" data-sk=\"tooltip_parent\" aria-haspopup=\"menu\">accessibility@wetaxi.it,<\/a> indicando las secciones de la app que se consideran no conformes y exponiendo los motivos del informe.<\/p>\n<p>En caso de respuesta insatisfactoria o de ausencia de respuesta, en el plazo de treinta d\u00edas a partir de la solicitud anterior, el interesado podr\u00e1 presentar un informe en la forma indicada en el sitio web de la AGID.<\/p>\n<p>Puedes ponerte en contacto con la persona responsable en la direcci\u00f3n de correo electr\u00f3nico indicada anteriormente.<\/p>\n<h2>C\u00f3mo enviar informes a AgID<\/h2>\n<p>En caso de respuesta insatisfactoria o de falta de respuesta en el plazo de 30 d\u00edas a la notificaci\u00f3n o solicitud, el interesado puede presentar una reclamaci\u00f3n utilizando el siguiente enlace: <a title=\"Enlace externo al sitio web de AGID\" href=\"https:\/\/www.agid.gov.it\/it\/design-servizi\/accessibilita\" target=\"_blank\" rel=\"noopener\">https:\/\/www.agid.gov.it\/it\/design-servizi\/accessibilita<\/a> <\/p>\n<p>WeTechnology S.l.r trabaja constantemente para mejorar la accesibilidad de su aplicaci\u00f3n Wetaxi.<\/p>\n\t\t\t\t\t\t<\/div>\n\t\t\t\t<\/div>\n\t\t\t\t\t<\/div>\n\t\t\t\t<\/div>\n\t\t\t\t<\/div>\n\t\t","protected":false},"excerpt":{"rendered":"<p>Declaraci\u00f3n de accesibilidad de la app Wetaxi Versi\u00f3n Junio 2025 WeTechnology Slr se compromete a hacer accesible la app Wetaxi &#8211; Todo en uno, de conformidad con la ley de 9 de enero de 2004, n\u00fam. 4. Esta declaraci\u00f3n de accesibilidad se aplica a la aplicaci\u00f3n m\u00f3vil Wetaxi &#8211; Todo en uno. Estado de cumplimiento [&hellip;]<\/p>\n","protected":false},"author":3,"featured_media":0,"parent":0,"menu_order":0,"comment_status":"closed","ping_status":"closed","template":"","meta":{"footnotes":""},"class_list":["post-1948","page","type-page","status-publish","hentry"],"_links":{"self":[{"href":"https:\/\/www.site.wetaxi.it\/es\/wp-json\/wp\/v2\/pages\/1948","targetHints":{"allow":["GET"]}}],"collection":[{"href":"https:\/\/www.site.wetaxi.it\/es\/wp-json\/wp\/v2\/pages"}],"about":[{"href":"https:\/\/www.site.wetaxi.it\/es\/wp-json\/wp\/v2\/types\/page"}],"author":[{"embeddable":true,"href":"https:\/\/www.site.wetaxi.it\/es\/wp-json\/wp\/v2\/users\/3"}],"replies":[{"embeddable":true,"href":"https:\/\/www.site.wetaxi.it\/es\/wp-json\/wp\/v2\/comments?post=1948"}],"version-history":[{"count":1,"href":"https:\/\/www.site.wetaxi.it\/es\/wp-json\/wp\/v2\/pages\/1948\/revisions"}],"predecessor-version":[{"id":1949,"href":"https:\/\/www.site.wetaxi.it\/es\/wp-json\/wp\/v2\/pages\/1948\/revisions\/1949"}],"wp:attachment":[{"href":"https:\/\/www.site.wetaxi.it\/es\/wp-json\/wp\/v2\/media?parent=1948"}],"curies":[{"name":"wp","href":"https:\/\/api.w.org\/{rel}","templated":true}]}}