{"id":1900,"date":"2025-06-06T17:14:48","date_gmt":"2025-06-06T15:14:48","guid":{"rendered":"https:\/\/www.site.wetaxi.it\/declaracion-de-accesibilidad\/"},"modified":"2025-06-16T16:39:03","modified_gmt":"2025-06-16T14:39:03","slug":"declaracion-de-accesibilidad","status":"publish","type":"page","link":"https:\/\/www.site.wetaxi.it\/es\/declaracion-de-accesibilidad\/","title":{"rendered":"Declaraci\u00f3n de accesibilidad"},"content":{"rendered":"\t\t<div data-elementor-type=\"wp-page\" data-elementor-id=\"1900\" class=\"elementor elementor-1900 elementor-1875\" data-elementor-post-type=\"page\">\n\t\t\t\t<div class=\"elementor-element elementor-element-ba4bea5 e-flex e-con-boxed e-con e-parent\" data-id=\"ba4bea5\" data-element_type=\"container\">\n\t\t\t\t\t<div class=\"e-con-inner\">\n\t\t\t\t<div class=\"elementor-element elementor-element-74505f8 elementor-widget elementor-widget-spacer\" data-id=\"74505f8\" data-element_type=\"widget\" data-widget_type=\"spacer.default\">\n\t\t\t\t<div class=\"elementor-widget-container\">\n\t\t\t\t\t<div class=\"elementor-spacer\">\n\t\t\t<div class=\"elementor-spacer-inner\"><\/div>\n\t\t<\/div>\n\t\t\t\t<\/div>\n\t\t\t\t<\/div>\n\t\t\t\t<div class=\"elementor-element elementor-element-4b4d6fe elementor-widget elementor-widget-text-editor\" data-id=\"4b4d6fe\" data-element_type=\"widget\" data-widget_type=\"text-editor.default\">\n\t\t\t\t<div class=\"elementor-widget-container\">\n\t\t\t\t\t\t\t<h2><strong>Declaraci\u00f3n de accesibilidad<\/strong><\/h2><p><strong>Versi\u00f3n Junio 2025<\/strong><\/p><p>WeTechnology Slr se compromete a hacer que la sitio web wetaxi.it accesible de conformidad con la Ley n\u00ba 9 de enero de 2004, n\u00ba. 4.<\/p><p>Esta declaraci\u00f3n de accesibilidad se aplica al sitio web https:\/\/www.wetaxi.it.<\/p><h2>Estado de cumplimiento<\/h2><p>Este sitio web cumple parcialmente los requisitos del Ap\u00e9ndice A de la norma UNI CEI EN 301549 debido a los casos de incumplimiento y\/o excepciones que se enumeran a continuaci\u00f3n.<\/p><h2>Contenido no accesible<\/h2><p>Los contenidos enumerados a continuaci\u00f3n no son accesibles por las siguientes razones:<\/p><p>(a) Carga desproporcionada.<\/p><p>A nivel general:<\/p><ul><li>en algunas p\u00e1ginas pueden faltar algunos niveles de etiquetas a\u00e9reas<\/li><li>algunos contrastes de color pueden ser inferiores a 4,5:1<\/li><li>algunas etiquetas no est\u00e1n anidadas seg\u00fan las especificaciones<\/li><li>subt\u00edtulos y\/o transcripciones para los medios de comunicaci\u00f3n: en algunas im\u00e1genes no se incluyeron transcripciones.<\/li><li>algunos archivos PDF o SVG no son totalmente accesibles, pero nos ponemos a tu disposici\u00f3n si nos lo solicitas para proporcionarte una copia actualizada<\/li><\/ul><p>Opciones de ajuste en tabindex:<\/p><ul><li>en cumplimiento de las normas del W3C, la gesti\u00f3n del tabindex se ha configurado evitando los n\u00fameros positivos; algunos navegadores pueden experimentar variaciones en la secuencia debido a esta configuraci\u00f3n<\/li><\/ul><p>El sitio web se desarroll\u00f3 con WordPress y Elementor teniendo en cuenta la mayor\u00eda de los criterios de accesibilidad. La adaptaci\u00f3n total de las distintas secciones del sitio a las normas de las directrices es una carga desproporcionada, pero est\u00e1 previsto realizar trabajos futuros para mejorar la accesibilidad.<\/p><h2>Redactar la declaraci\u00f3n de accesibilidad<\/h2><p>Esta declaraci\u00f3n se hizo el 05\/06\/2025.<\/p><p>La declaraci\u00f3n se realiz\u00f3 mediante una evaluaci\u00f3n conforme a los requisitos de la Directiva (UE) 2016\/2012 utilizando 2 metodolog\u00edas:<\/p><p>1. Autoevaluaci\u00f3n autom\u00e1tica mediante herramientas reconocidas por el W3C: Wave, Accessiway, Lighthouse con 50 niveles de profundidad por p\u00e1gina. \u00daltimo an\u00e1lisis: 05\/06\/2025.<\/p><p>2. Autoevaluaci\u00f3n manual para el manejo del teclado y el uso de Voice Over y tecnolog\u00edas de apoyo inherentes a los dispositivos. \u00daltimo an\u00e1lisis: 05\/06\/2025.<\/p><p>La declaraci\u00f3n se revis\u00f3 por \u00faltima vez el 06\/06\/2025.<\/p><h2>Modalidades de informaci\u00f3n y datos de contacto de la entidad informadora<\/h2><p>Si se detecta una falta de conformidad con los principios de accesibilidad, el usuario puede enviar un informe a la siguiente direcci\u00f3n de correo electr\u00f3nico: <a class=\"c-link\" href=\"mailto:accessibility@wetaxi.it\" target=\"_blank\" rel=\"noopener noreferrer\" data-stringify-link=\"mailto:accessibility@wetaxi.it\" data-sk=\"tooltip_parent\" aria-haspopup=\"menu\">accessibility@wetaxi.it,<\/a> indicando la URL del sitio, las p\u00e1ginas consideradas no conformes y exponiendo los motivos del informe.<\/p><p>En caso de respuesta insatisfactoria o de ausencia de respuesta, en el plazo de treinta d\u00edas a partir de la solicitud anterior, el interesado podr\u00e1 presentar un informe en la forma indicada en el sitio web de la AGID.<\/p><p>Puedes ponerte en contacto con la persona responsable en la direcci\u00f3n de correo electr\u00f3nico indicada anteriormente.<\/p><h2>C\u00f3mo enviar informes a AgID<\/h2><p>En caso de respuesta insatisfactoria o de falta de respuesta en el plazo de 30 d\u00edas a la notificaci\u00f3n o solicitud, el interesado puede presentar una reclamaci\u00f3n utilizando el siguiente enlace: <a title=\"Enlace externo al sitio web de AGID\" href=\"https:\/\/www.agid.gov.it\/it\/design-servizi\/accessibilita\" target=\"_blank\" rel=\"noopener\">https:\/\/www.agid.gov.it\/it\/design-servizi\/accessibilita<\/a><\/p><h2>Informaci\u00f3n del sitio<\/h2><ol><li>Fecha de publicaci\u00f3n <em>en el sitio web<\/em>: 14\/06\/2025<\/li><li>Se realizaron pruebas de usabilidad: no<\/li><li>CMS utilizado para el sitio web: WordPress, Elementor<\/li><\/ol>\t\t\t\t\t\t<\/div>\n\t\t\t\t<\/div>\n\t\t\t\t<div class=\"elementor-element elementor-element-cbbff53 elementor-widget elementor-widget-spacer\" data-id=\"cbbff53\" data-element_type=\"widget\" data-widget_type=\"spacer.default\">\n\t\t\t\t<div class=\"elementor-widget-container\">\n\t\t\t\t\t<div class=\"elementor-spacer\">\n\t\t\t<div class=\"elementor-spacer-inner\"><\/div>\n\t\t<\/div>\n\t\t\t\t<\/div>\n\t\t\t\t<\/div>\n\t\t\t\t\t<\/div>\n\t\t\t\t<\/div>\n\t\t\t\t<\/div>\n\t\t","protected":false},"excerpt":{"rendered":"<p>Declaraci\u00f3n de accesibilidad Versi\u00f3n Junio 2025 WeTechnology Slr se compromete a hacer que la sitio web wetaxi.it accesible de conformidad con la Ley n\u00ba 9 de enero de 2004, n\u00ba. 4. Esta declaraci\u00f3n de accesibilidad se aplica al sitio web https:\/\/www.wetaxi.it. Estado de cumplimiento Este sitio web cumple parcialmente los requisitos del Ap\u00e9ndice A de [&hellip;]<\/p>\n","protected":false},"author":3,"featured_media":0,"parent":0,"menu_order":0,"comment_status":"closed","ping_status":"closed","template":"","meta":{"footnotes":""},"class_list":["post-1900","page","type-page","status-publish","hentry"],"_links":{"self":[{"href":"https:\/\/www.site.wetaxi.it\/es\/wp-json\/wp\/v2\/pages\/1900","targetHints":{"allow":["GET"]}}],"collection":[{"href":"https:\/\/www.site.wetaxi.it\/es\/wp-json\/wp\/v2\/pages"}],"about":[{"href":"https:\/\/www.site.wetaxi.it\/es\/wp-json\/wp\/v2\/types\/page"}],"author":[{"embeddable":true,"href":"https:\/\/www.site.wetaxi.it\/es\/wp-json\/wp\/v2\/users\/3"}],"replies":[{"embeddable":true,"href":"https:\/\/www.site.wetaxi.it\/es\/wp-json\/wp\/v2\/comments?post=1900"}],"version-history":[{"count":7,"href":"https:\/\/www.site.wetaxi.it\/es\/wp-json\/wp\/v2\/pages\/1900\/revisions"}],"predecessor-version":[{"id":1916,"href":"https:\/\/www.site.wetaxi.it\/es\/wp-json\/wp\/v2\/pages\/1900\/revisions\/1916"}],"wp:attachment":[{"href":"https:\/\/www.site.wetaxi.it\/es\/wp-json\/wp\/v2\/media?parent=1900"}],"curies":[{"name":"wp","href":"https:\/\/api.w.org\/{rel}","templated":true}]}}