{"id":1718,"date":"2024-11-21T09:39:58","date_gmt":"2024-11-21T08:39:58","guid":{"rendered":"https:\/\/www.site.wetaxi.it\/politica-de-cookies-de-la-pagina\/"},"modified":"2024-11-21T12:00:47","modified_gmt":"2024-11-21T11:00:47","slug":"politica-de-cookies-de-la-pagina","status":"publish","type":"page","link":"https:\/\/www.site.wetaxi.it\/es\/politica-de-cookies-de-la-pagina\/","title":{"rendered":"Pol\u00edtica de cookies de la p\u00e1gina"},"content":{"rendered":"\t\t<div data-elementor-type=\"wp-page\" data-elementor-id=\"1718\" class=\"elementor elementor-1718 elementor-1706\" data-elementor-post-type=\"page\">\n\t\t\t\t<div class=\"elementor-element elementor-element-84c4ed2 e-flex e-con-boxed e-con e-parent\" data-id=\"84c4ed2\" data-element_type=\"container\">\n\t\t\t\t\t<div class=\"e-con-inner\">\n\t\t\t\t<div class=\"elementor-element elementor-element-480fec1 elementor-widget elementor-widget-spacer\" data-id=\"480fec1\" data-element_type=\"widget\" data-widget_type=\"spacer.default\">\n\t\t\t\t<div class=\"elementor-widget-container\">\n\t\t\t\t\t<div class=\"elementor-spacer\">\n\t\t\t<div class=\"elementor-spacer-inner\"><\/div>\n\t\t<\/div>\n\t\t\t\t<\/div>\n\t\t\t\t<\/div>\n\t\t\t\t\t<\/div>\n\t\t\t\t<\/div>\n\t\t<div class=\"elementor-element elementor-element-686023c e-flex e-con-boxed e-con e-parent\" data-id=\"686023c\" data-element_type=\"container\">\n\t\t\t\t\t<div class=\"e-con-inner\">\n\t\t\t\t<div class=\"elementor-element elementor-element-496c0c0 elementor-widget elementor-widget-image\" data-id=\"496c0c0\" data-element_type=\"widget\" data-widget_type=\"image.default\">\n\t\t\t\t<div class=\"elementor-widget-container\">\n\t\t\t\t\t\t\t\t\t\t\t\t\t<img fetchpriority=\"high\" decoding=\"async\" width=\"800\" height=\"800\" src=\"https:\/\/www.site.wetaxi.it\/wp-content\/uploads\/2024\/06\/wetaxi-logo-primary.png\" class=\"attachment-large size-large wp-image-1453\" alt=\"Logotipo de Wetaxi\" srcset=\"https:\/\/www.site.wetaxi.it\/wp-content\/uploads\/2024\/06\/wetaxi-logo-primary.png 1000w, https:\/\/www.site.wetaxi.it\/wp-content\/uploads\/2024\/06\/wetaxi-logo-primary-300x300.png 300w, https:\/\/www.site.wetaxi.it\/wp-content\/uploads\/2024\/06\/wetaxi-logo-primary-150x150.png 150w, https:\/\/www.site.wetaxi.it\/wp-content\/uploads\/2024\/06\/wetaxi-logo-primary-768x768.png 768w\" sizes=\"(max-width: 800px) 100vw, 800px\" \/>\t\t\t\t\t\t\t\t\t\t\t\t\t<\/div>\n\t\t\t\t<\/div>\n\t\t\t\t\t<\/div>\n\t\t\t\t<\/div>\n\t\t<div class=\"elementor-element elementor-element-3344f73 e-flex e-con-boxed e-con e-parent\" data-id=\"3344f73\" data-element_type=\"container\">\n\t\t\t\t\t<div class=\"e-con-inner\">\n\t\t\t\t<div class=\"elementor-element elementor-element-6e11fe7 elementor-widget elementor-widget-heading\" data-id=\"6e11fe7\" data-element_type=\"widget\" data-widget_type=\"heading.default\">\n\t\t\t\t<div class=\"elementor-widget-container\">\n\t\t\t<h2 class=\"elementor-heading-title elementor-size-default\">Pol\u00edtica de Cookies Versi\u00f3n Julio 2020<\/h2>\t\t<\/div>\n\t\t\t\t<\/div>\n\t\t\t\t\t<\/div>\n\t\t\t\t<\/div>\n\t\t<div class=\"elementor-element elementor-element-ad57a54 e-flex e-con-boxed e-con e-parent\" data-id=\"ad57a54\" data-element_type=\"container\">\n\t\t\t\t\t<div class=\"e-con-inner\">\n\t\t\t\t<div class=\"elementor-element elementor-element-85ad8a0 elementor-widget elementor-widget-heading\" data-id=\"85ad8a0\" data-element_type=\"widget\" data-widget_type=\"heading.default\">\n\t\t\t\t<div class=\"elementor-widget-container\">\n\t\t\t<h6 class=\"elementor-heading-title elementor-size-default\">3.1.1 Funcionalidad y cookies anal\u00edticas<\/h6>\t\t<\/div>\n\t\t\t\t<\/div>\n\t\t\t\t\t<\/div>\n\t\t\t\t<\/div>\n\t\t<div class=\"elementor-element elementor-element-1539357 e-flex e-con-boxed e-con e-parent\" data-id=\"1539357\" data-element_type=\"container\">\n\t\t\t\t\t<div class=\"e-con-inner\">\n\t\t\t\t<div class=\"elementor-element elementor-element-fd57e0f elementor-widget elementor-widget-text-editor\" data-id=\"fd57e0f\" data-element_type=\"widget\" data-widget_type=\"text-editor.default\">\n\t\t\t\t<div class=\"elementor-widget-container\">\n\t\t\t\t\t\t\t<p><span style=\"text-align: var(--text-align); font-family: var( --e-global-typography-text-font-family ), Sans-serif; font-size: 1rem; font-weight: var( --e-global-typography-text-font-weight );\">Te informamos de que trataremos tus datos personales de conformidad con lo dispuesto en el Reglamento (UE) n\u00ba 679\/2016 (Reglamento) y en la normativa local espec\u00edfica de protecci\u00f3n de datos que sea de aplicaci\u00f3n. A continuaci\u00f3n encontrar\u00e1s toda la informaci\u00f3n relativa a los procedimientos que utilizamos para recopilar, a trav\u00e9s de cookies y\/u otras tecnolog\u00edas de rastreo, la informaci\u00f3n que nos facilitas cuando visitas nuestro sitio (en lo sucesivo tambi\u00e9n denominado el \u00abSitio\u00bb).   <\/span><\/p>\n<p><strong>\u00bfQu\u00e9 son las cookies?  <\/strong><\/p>\n<p>Las cookies son peque\u00f1os archivos de texto que los sitios que visitas env\u00edan y almacenan en tu dispositivo (ordenador personal, tableta, smartphone, etc.), para ser transmitidos a los mismos sitios la pr\u00f3xima vez que los visites. Es precisamente gracias a las cookies que un sitio recuerda tus acciones y preferencias (como, por ejemplo, tus datos de acceso, idioma elegido, tama\u00f1o de letra, otros ajustes de visualizaci\u00f3n, etc.) para que no tengas que volver a indicarlas cuando vuelvas al sitio o navegues de una p\u00e1gina a otra del mismo. Las cookies, por tanto, se utilizan para realizar la autenticaci\u00f3n del ordenador, el seguimiento de la sesi\u00f3n y el almacenamiento de informaci\u00f3n relativa a las actividades de los usuarios que acceden a un sitio, y tambi\u00e9n pueden contener un c\u00f3digo de identificaci\u00f3n \u00fanico que permite seguir la navegaci\u00f3n del usuario dentro del sitio con fines estad\u00edsticos o publicitarios. Mientras navega por un sitio, el usuario tambi\u00e9n puede recibir en su ordenador cookies de sitios o servidores web distintos del que est\u00e1 visitando (cookies de \u00abterceros\u00bb). Ciertas operaciones no podr\u00edan llevarse a cabo sin el uso de cookies que, en ciertos casos, son por tanto t\u00e9cnicamente necesarias para el funcionamiento del propio sitio.    <\/p>\n<p>Nos gustar\u00eda se\u00f1alar que las cookies permiten identificar y reconocer el dispositivo que accede al Sitio, pero no qui\u00e9n lo utiliza.<\/p>\n<p><strong>2 &#8211; Tipos y finalidades de las cookies, \u00bfqu\u00e9 son?  <\/strong><\/p>\n<p>Existen distintos tipos de cookies, dependiendo de sus caracter\u00edsticas y funciones, y pueden permanecer en tu dispositivo durante distintos periodos de tiempo: a) cookies de sesi\u00f3n, que se eliminan autom\u00e1ticamente cuando cierras el navegador; b) cookies persistentes, que permanecen en tu dispositivo hasta una fecha de caducidad predeterminada. Seg\u00fan la legislaci\u00f3n italiana vigente, el uso de cookies no siempre requiere el consentimiento expreso del usuario. En particular, las \u00abcookies t\u00e9cnicas\u00bb, es decir, las que se utilizan con el \u00fanico fin de llevar a cabo la transmisi\u00f3n de una comunicaci\u00f3n a trav\u00e9s de una red de comunicaciones electr\u00f3nicas, o en la medida estrictamente necesaria para prestar un servicio expl\u00edcitamente solicitado por el usuario, no requieren dicho consentimiento. En otras palabras, se trata de cookies indispensables para el funcionamiento del Sitio o necesarias para realizar actividades solicitadas por el usuario. Adem\u00e1s, el Sitio tambi\u00e9n puede utilizar las siguientes cookies \u25cf cookies de navegaci\u00f3n o de sesi\u00f3n (para autenticarse); \u25cf cookies de funcionalidad, que permiten al usuario navegar de acuerdo con un conjunto de criterios seleccionados (por ejemplo, idioma, productos seleccionados para la compra) con el fin de mejorar el servicio prestado al mismo; \u25cf cookies anal\u00edticas, s\u00f3lo cuando son utilizadas directamente por el operador del sitio para recopilar informaci\u00f3n, de forma agregada, sobre el n\u00famero de usuarios y c\u00f3mo visitan el sitio. En cambio, para las cookies de elaboraci\u00f3n de perfiles, es decir, las destinadas a crear perfiles de usuario y utilizadas para enviar mensajes publicitarios de acuerdo con las preferencias expresadas por el usuario al navegar por la web, se requiere el consentimiento previo del usuario.       <\/p>\n<p>3 <strong>&#8211; Tipos de cookies que utiliza nuestro Sitio<\/strong> Hemos clasificado las cookies que utilizamos seg\u00fan su tipo en: 3.1 Cookies t\u00e9cnicas El Sitio utiliza cookies de origen, de sesi\u00f3n y persistentes para permitirte navegar y utilizar las funciones del Sitio de forma segura y eficaz, as\u00ed como para mejorar los servicios prestados por el Sitio.<\/p>\n<p>Se trata de cookies que, por ejemplo, permiten reconocer el idioma que has seleccionado y el pa\u00eds desde el que te conectas al Sitio. Al reconocerte cuando te conectas, estas cookies evitan que tengas que introducir tus datos cada vez. Por \u00faltimo, las cookies de funcionalidad est\u00e1n dise\u00f1adas para mejorar tu experiencia de navegaci\u00f3n. Estas cookies son necesarias para el funcionamiento de nuestro Sitio y no pueden desactivarse sin afectar a su funcionalidad. Las cookies de \u00abterceros\u00bb est\u00e1n vinculadas a servicios prestados por terceros: se utilizan para diversos fines, como analizar el rendimiento de las campa\u00f1as de marketing y\/o para ofrecer publicidad personalizada en nuestros sitios web y en los de nuestros socios. Esta actividad se denomina retargeting y se basa en las actividades de navegaci\u00f3n. El tercero presta estos servicios a cambio de informaci\u00f3n sobre tu visita a nuestro sitio. Por estas razones, los terceros proveedores de cookies tambi\u00e9n deben cumplir las disposiciones de la legislaci\u00f3n pertinente. Te remitimos a los enlaces a las p\u00e1ginas web de los sitios de terceros, donde puedes encontrar los formularios de consentimiento de cookies y sus respectivas divulgaciones.        <\/p>\n<p>Actualmente utilizamos cookies propias (de origen) y de terceros en nuestro Sitio.<\/p>\n<p><span style=\"font-weight: bold;\">3.1.1 Cookies de navegaci\u00f3n o de sesi\u00f3n<br \/><\/span><\/p>\n\t\t\t\t\t\t<\/div>\n\t\t\t\t<\/div>\n\t\t\t\t\t<\/div>\n\t\t\t\t<\/div>\n\t\t<div class=\"elementor-element elementor-element-1967e69 e-grid e-con-full e-con e-child\" data-id=\"1967e69\" data-element_type=\"container\">\n\t\t\t\t<div class=\"elementor-element elementor-element-901d951 elementor-widget elementor-widget-text-editor\" data-id=\"901d951\" data-element_type=\"widget\" data-widget_type=\"text-editor.default\">\n\t\t\t\t<div class=\"elementor-widget-container\">\n\t\t\t\t\t\t\t<p><strong>Cookies<\/strong><\/p>\n\t\t\t\t\t\t<\/div>\n\t\t\t\t<\/div>\n\t\t\t\t<div class=\"elementor-element elementor-element-6d9bc9c elementor-widget elementor-widget-text-editor\" data-id=\"6d9bc9c\" data-element_type=\"widget\" data-widget_type=\"text-editor.default\">\n\t\t\t\t<div class=\"elementor-widget-container\">\n\t\t\t\t\t\t\t<p><strong>Dominio<\/strong><\/p>\n\t\t\t\t\t\t<\/div>\n\t\t\t\t<\/div>\n\t\t\t\t<div class=\"elementor-element elementor-element-ceac5a6 elementor-widget elementor-widget-text-editor\" data-id=\"ceac5a6\" data-element_type=\"widget\" data-widget_type=\"text-editor.default\">\n\t\t\t\t<div class=\"elementor-widget-container\">\n\t\t\t\t\t\t\t<p><strong>Descripci\u00f3n<\/strong><\/p>\n\t\t\t\t\t\t<\/div>\n\t\t\t\t<\/div>\n\t\t\t\t<div class=\"elementor-element elementor-element-a00b8e0 elementor-widget elementor-widget-text-editor\" data-id=\"a00b8e0\" data-element_type=\"widget\" data-widget_type=\"text-editor.default\">\n\t\t\t\t<div class=\"elementor-widget-container\">\n\t\t\t\t\t\t\t<p><strong>Duraci\u00f3n<\/strong><\/p>\n\t\t\t\t\t\t<\/div>\n\t\t\t\t<\/div>\n\t\t\t\t<div class=\"elementor-element elementor-element-4c41e04 elementor-widget elementor-widget-text-editor\" data-id=\"4c41e04\" data-element_type=\"widget\" data-widget_type=\"text-editor.default\">\n\t\t\t\t<div class=\"elementor-widget-container\">\n\t\t\t\t\t\t\t<p>moove_gdpr_popup<\/p>\n\t\t\t\t\t\t<\/div>\n\t\t\t\t<\/div>\n\t\t\t\t<div class=\"elementor-element elementor-element-c802764 elementor-widget elementor-widget-text-editor\" data-id=\"c802764\" data-element_type=\"widget\" data-widget_type=\"text-editor.default\">\n\t\t\t\t<div class=\"elementor-widget-container\">\n\t\t\t\t\t\t\t<p>www.wetaxi.it<\/p>\n\t\t\t\t\t\t<\/div>\n\t\t\t\t<\/div>\n\t\t\t\t<div class=\"elementor-element elementor-element-88cd701 elementor-widget elementor-widget-text-editor\" data-id=\"88cd701\" data-element_type=\"widget\" data-widget_type=\"text-editor.default\">\n\t\t\t\t<div class=\"elementor-widget-container\">\n\t\t\t\t\t\t\t<p>Plugin de consentimiento<\/p>\n\t\t\t\t\t\t<\/div>\n\t\t\t\t<\/div>\n\t\t\t\t<div class=\"elementor-element elementor-element-d3b9c72 elementor-widget elementor-widget-text-editor\" data-id=\"d3b9c72\" data-element_type=\"widget\" data-widget_type=\"text-editor.default\">\n\t\t\t\t<div class=\"elementor-widget-container\">\n\t\t\t\t\t\t\t<p>1 a\u00f1o<\/p>\n\t\t\t\t\t\t<\/div>\n\t\t\t\t<\/div>\n\t\t\t\t<div class=\"elementor-element elementor-element-c1724b3 elementor-widget elementor-widget-text-editor\" data-id=\"c1724b3\" data-element_type=\"widget\" data-widget_type=\"text-editor.default\">\n\t\t\t\t<div class=\"elementor-widget-container\">\n\t\t\t\t\t\t\t<p>wp-wpml_idioma_actual<\/p>\n\t\t\t\t\t\t<\/div>\n\t\t\t\t<\/div>\n\t\t\t\t<div class=\"elementor-element elementor-element-b6316d4 elementor-widget elementor-widget-text-editor\" data-id=\"b6316d4\" data-element_type=\"widget\" data-widget_type=\"text-editor.default\">\n\t\t\t\t<div class=\"elementor-widget-container\">\n\t\t\t\t\t\t\t<p>www.wetaxi.it<\/p>\n\t\t\t\t\t\t<\/div>\n\t\t\t\t<\/div>\n\t\t\t\t<div class=\"elementor-element elementor-element-a191f5a elementor-widget elementor-widget-text-editor\" data-id=\"a191f5a\" data-element_type=\"widget\" data-widget_type=\"text-editor.default\">\n\t\t\t\t<div class=\"elementor-widget-container\">\n\t\t\t\t\t\t\t<p>WPML Multilenguaje<\/p>\n\t\t\t\t\t\t<\/div>\n\t\t\t\t<\/div>\n\t\t\t\t<div class=\"elementor-element elementor-element-65902ae elementor-widget elementor-widget-text-editor\" data-id=\"65902ae\" data-element_type=\"widget\" data-widget_type=\"text-editor.default\">\n\t\t\t\t<div class=\"elementor-widget-container\">\n\t\t\t\t\t\t\t<p>Sesi\u00f3n<\/p>\n\t\t\t\t\t\t<\/div>\n\t\t\t\t<\/div>\n\t\t\t\t<div class=\"elementor-element elementor-element-d2e85f9 elementor-widget elementor-widget-text-editor\" data-id=\"d2e85f9\" data-element_type=\"widget\" data-widget_type=\"text-editor.default\">\n\t\t\t\t<div class=\"elementor-widget-container\">\n\t\t\t\t\t\t\t<p>raya_media<\/p>\n\t\t\t\t\t\t<\/div>\n\t\t\t\t<\/div>\n\t\t\t\t<div class=\"elementor-element elementor-element-576350f elementor-widget elementor-widget-text-editor\" data-id=\"576350f\" data-element_type=\"widget\" data-widget_type=\"text-editor.default\">\n\t\t\t\t<div class=\"elementor-widget-container\">\n\t\t\t\t\t\t\t<p>www.wetaxi.it<\/p>\n\t\t\t\t\t\t<\/div>\n\t\t\t\t<\/div>\n\t\t\t\t<div class=\"elementor-element elementor-element-93d2b97 elementor-widget elementor-widget-text-editor\" data-id=\"93d2b97\" data-element_type=\"widget\" data-widget_type=\"text-editor.default\">\n\t\t\t\t<div class=\"elementor-widget-container\">\n\t\t\t\t\t\t\t<p>Stripe: pagos online<\/p>\n\t\t\t\t\t\t<\/div>\n\t\t\t\t<\/div>\n\t\t\t\t<div class=\"elementor-element elementor-element-c1f5a58 elementor-widget elementor-widget-text-editor\" data-id=\"c1f5a58\" data-element_type=\"widget\" data-widget_type=\"text-editor.default\">\n\t\t\t\t<div class=\"elementor-widget-container\">\n\t\t\t\t\t\t\t<p>1 a\u00f1o<\/p>\n\t\t\t\t\t\t<\/div>\n\t\t\t\t<\/div>\n\t\t\t\t<\/div>\n\t\t<div class=\"elementor-element elementor-element-19226cd e-flex e-con-boxed e-con e-parent\" data-id=\"19226cd\" data-element_type=\"container\">\n\t\t\t\t\t<div class=\"e-con-inner\">\n\t\t\t\t<div class=\"elementor-element elementor-element-7639b01 elementor-widget elementor-widget-heading\" data-id=\"7639b01\" data-element_type=\"widget\" data-widget_type=\"heading.default\">\n\t\t\t\t<div class=\"elementor-widget-container\">\n\t\t\t<h6 class=\"elementor-heading-title elementor-size-default\">3.1.2 Funcionalidad y cookies anal\u00edticas<\/h6>\t\t<\/div>\n\t\t\t\t<\/div>\n\t\t<div class=\"elementor-element elementor-element-7e78622 e-grid e-con-full e-con e-child\" data-id=\"7e78622\" data-element_type=\"container\">\n\t\t\t\t<div class=\"elementor-element elementor-element-1d9b4e2 elementor-widget elementor-widget-text-editor\" data-id=\"1d9b4e2\" data-element_type=\"widget\" data-widget_type=\"text-editor.default\">\n\t\t\t\t<div class=\"elementor-widget-container\">\n\t\t\t\t\t\t\t<p><strong>Cookies<\/strong><\/p>\n\t\t\t\t\t\t<\/div>\n\t\t\t\t<\/div>\n\t\t\t\t<div class=\"elementor-element elementor-element-24099a8 elementor-widget elementor-widget-text-editor\" data-id=\"24099a8\" data-element_type=\"widget\" data-widget_type=\"text-editor.default\">\n\t\t\t\t<div class=\"elementor-widget-container\">\n\t\t\t\t\t\t\t<p><strong>Dominio<\/strong><\/p>\n\t\t\t\t\t\t<\/div>\n\t\t\t\t<\/div>\n\t\t\t\t<div class=\"elementor-element elementor-element-e9ec7c3 elementor-widget elementor-widget-text-editor\" data-id=\"e9ec7c3\" data-element_type=\"widget\" data-widget_type=\"text-editor.default\">\n\t\t\t\t<div class=\"elementor-widget-container\">\n\t\t\t\t\t\t\t<p><strong>Descripci\u00f3n<\/strong><\/p>\n\t\t\t\t\t\t<\/div>\n\t\t\t\t<\/div>\n\t\t\t\t<div class=\"elementor-element elementor-element-b581d18 elementor-widget elementor-widget-text-editor\" data-id=\"b581d18\" data-element_type=\"widget\" data-widget_type=\"text-editor.default\">\n\t\t\t\t<div class=\"elementor-widget-container\">\n\t\t\t\t\t\t\t<p><strong>Duraci\u00f3n<\/strong><\/p>\n\t\t\t\t\t\t<\/div>\n\t\t\t\t<\/div>\n\t\t\t\t<div class=\"elementor-element elementor-element-b8d93fc elementor-widget elementor-widget-text-editor\" data-id=\"b8d93fc\" data-element_type=\"widget\" data-widget_type=\"text-editor.default\">\n\t\t\t\t<div class=\"elementor-widget-container\">\n\t\t\t\t\t\t\t<p>_ga<\/p>\n\t\t\t\t\t\t<\/div>\n\t\t\t\t<\/div>\n\t\t\t\t<div class=\"elementor-element elementor-element-30fda27 elementor-widget elementor-widget-text-editor\" data-id=\"30fda27\" data-element_type=\"widget\" data-widget_type=\"text-editor.default\">\n\t\t\t\t<div class=\"elementor-widget-container\">\n\t\t\t\t\t\t\t<p>www.wetaxi.it<\/p>\n\t\t\t\t\t\t<\/div>\n\t\t\t\t<\/div>\n\t\t\t\t<div class=\"elementor-element elementor-element-9b1bb02 elementor-widget elementor-widget-text-editor\" data-id=\"9b1bb02\" data-element_type=\"widget\" data-widget_type=\"text-editor.default\">\n\t\t\t\t<div class=\"elementor-widget-container\">\n\t\t\t\t\t\t\t<p>Google Analytics<\/p>\n\t\t\t\t\t\t<\/div>\n\t\t\t\t<\/div>\n\t\t\t\t<div class=\"elementor-element elementor-element-eddd708 elementor-widget elementor-widget-text-editor\" data-id=\"eddd708\" data-element_type=\"widget\" data-widget_type=\"text-editor.default\">\n\t\t\t\t<div class=\"elementor-widget-container\">\n\t\t\t\t\t\t\t<p>2 a\u00f1os<\/p>\n\t\t\t\t\t\t<\/div>\n\t\t\t\t<\/div>\n\t\t\t\t<div class=\"elementor-element elementor-element-801777e elementor-widget elementor-widget-text-editor\" data-id=\"801777e\" data-element_type=\"widget\" data-widget_type=\"text-editor.default\">\n\t\t\t\t<div class=\"elementor-widget-container\">\n\t\t\t\t\t\t\t<p>ga_NTRJLMK<\/p>\n\t\t\t\t\t\t<\/div>\n\t\t\t\t<\/div>\n\t\t\t\t<div class=\"elementor-element elementor-element-d5f80d7 elementor-widget elementor-widget-text-editor\" data-id=\"d5f80d7\" data-element_type=\"widget\" data-widget_type=\"text-editor.default\">\n\t\t\t\t<div class=\"elementor-widget-container\">\n\t\t\t\t\t\t\t<p>www.wetaxi.it<\/p>\n\t\t\t\t\t\t<\/div>\n\t\t\t\t<\/div>\n\t\t\t\t<div class=\"elementor-element elementor-element-2aceb6f elementor-widget elementor-widget-text-editor\" data-id=\"2aceb6f\" data-element_type=\"widget\" data-widget_type=\"text-editor.default\">\n\t\t\t\t<div class=\"elementor-widget-container\">\n\t\t\t\t\t\t\t<p>Etiquetas Google<\/p>\n\t\t\t\t\t\t<\/div>\n\t\t\t\t<\/div>\n\t\t\t\t<div class=\"elementor-element elementor-element-5b144f4 elementor-widget elementor-widget-text-editor\" data-id=\"5b144f4\" data-element_type=\"widget\" data-widget_type=\"text-editor.default\">\n\t\t\t\t<div class=\"elementor-widget-container\">\n\t\t\t\t\t\t\t<p>2 a\u00f1os<\/p>\n\t\t\t\t\t\t<\/div>\n\t\t\t\t<\/div>\n\t\t\t\t<\/div>\n\t\t\t\t\t<\/div>\n\t\t\t\t<\/div>\n\t\t<div class=\"elementor-element elementor-element-fef31c1 e-flex e-con-boxed e-con e-parent\" data-id=\"fef31c1\" data-element_type=\"container\">\n\t\t\t\t\t<div class=\"e-con-inner\">\n\t\t\t\t<div class=\"elementor-element elementor-element-1b0b6cb elementor-widget elementor-widget-text-editor\" data-id=\"1b0b6cb\" data-element_type=\"widget\" data-widget_type=\"text-editor.default\">\n\t\t\t\t<div class=\"elementor-widget-container\">\n\t\t\t\t\t\t\t<p><strong style=\"text-align: var(--text-align); font-family: var( --e-global-typography-text-font-family ), Sans-serif; font-size: 1rem;\">4.1 M\u00e9todo de aceptaci\u00f3n<\/strong><\/p>\n<p>Como se indica en la breve nota informativa del banner, puedes dar tu consentimiento al uso de cookies de forma simplificada: &#8211; Haciendo clic en el bot\u00f3n dedicado (\u00abOk\u00bb \/ \u00abEstoy de acuerdo\u00bb \/ \u00abConsiento\u00bb).<\/p>\n<p>4<strong>.2 Revocar o conceder el consentimiento<\/strong> Tienes la posibilidad de elegir en cualquier momento si aceptas o rechazas el uso de cookies: i. modificando la configuraci\u00f3n de tu navegador, eligiendo para qu\u00e9 cookies revocar el consentimiento. Para acceder a la configuraci\u00f3n de tu navegador, consulta los procedimientos que se indican a continuaci\u00f3n: &#8211; Chrome &#8211; Internet Explorer &#8211; Firefox &#8211; Safari &#8211; Opera te informamos de que la desactivaci\u00f3n completa de las cookies del navegador podr\u00eda comprometer la correcta funcionalidad de algunas secciones de nuestro Sitio, como la navegaci\u00f3n normal entre p\u00e1ginas web, la p\u00e9rdida de las funciones de personalizaci\u00f3n de los mensajes publicitarios presentados durante la navegaci\u00f3n; ii. revocando el consentimiento a trav\u00e9s del procedimiento espec\u00edfico de \u00abexclusi\u00f3n voluntaria\u00bb puesto a disposici\u00f3n por el tercero (cuando proceda). 5 &#8211; Contactar con el Responsable del Tratamiento:    <\/p>\n<p> <strong><br \/> WeTechnology S.r.l.<\/strong>con domicilio social en Italia, Via Agostino da Montefeltro, 2 &#8211; 10134 &#8211; Torino P.IVA 11291250014<strong><\/strong><\/p>\n<p>privacy@wetaxi.it<\/p>\n<p>Responsable de Protecci\u00f3n de Datos (\u00abRPD\u00bb): dpo@wetaxi.it<\/p>\n\t\t\t\t\t\t<\/div>\n\t\t\t\t<\/div>\n\t\t\t\t\t<\/div>\n\t\t\t\t<\/div>\n\t\t\t\t<\/div>\n\t\t","protected":false},"excerpt":{"rendered":"<p>Pol\u00edtica de Cookies Versi\u00f3n Julio 2020 3.1.1 Funcionalidad y cookies anal\u00edticas Te informamos de que trataremos tus datos personales de conformidad con lo dispuesto en el Reglamento (UE) n\u00ba 679\/2016 (Reglamento) y en la normativa local espec\u00edfica de protecci\u00f3n de datos que sea de aplicaci\u00f3n. A continuaci\u00f3n encontrar\u00e1s toda la informaci\u00f3n relativa a los procedimientos [&hellip;]<\/p>\n","protected":false},"author":3,"featured_media":0,"parent":0,"menu_order":0,"comment_status":"closed","ping_status":"closed","template":"","meta":{"footnotes":""},"class_list":["post-1718","page","type-page","status-publish","hentry"],"_links":{"self":[{"href":"https:\/\/www.site.wetaxi.it\/es\/wp-json\/wp\/v2\/pages\/1718","targetHints":{"allow":["GET"]}}],"collection":[{"href":"https:\/\/www.site.wetaxi.it\/es\/wp-json\/wp\/v2\/pages"}],"about":[{"href":"https:\/\/www.site.wetaxi.it\/es\/wp-json\/wp\/v2\/types\/page"}],"author":[{"embeddable":true,"href":"https:\/\/www.site.wetaxi.it\/es\/wp-json\/wp\/v2\/users\/3"}],"replies":[{"embeddable":true,"href":"https:\/\/www.site.wetaxi.it\/es\/wp-json\/wp\/v2\/comments?post=1718"}],"version-history":[{"count":1,"href":"https:\/\/www.site.wetaxi.it\/es\/wp-json\/wp\/v2\/pages\/1718\/revisions"}],"predecessor-version":[{"id":1719,"href":"https:\/\/www.site.wetaxi.it\/es\/wp-json\/wp\/v2\/pages\/1718\/revisions\/1719"}],"wp:attachment":[{"href":"https:\/\/www.site.wetaxi.it\/es\/wp-json\/wp\/v2\/media?parent=1718"}],"curies":[{"name":"wp","href":"https:\/\/api.w.org\/{rel}","templated":true}]}}