{"id":1659,"date":"2024-06-28T14:09:18","date_gmt":"2024-06-28T12:09:18","guid":{"rendered":"https:\/\/www.site.wetaxi.it\/inicio\/"},"modified":"2025-06-05T12:09:05","modified_gmt":"2025-06-05T10:09:05","slug":"inicio","status":"publish","type":"page","link":"https:\/\/www.site.wetaxi.it\/es\/","title":{"rendered":"Inicio"},"content":{"rendered":"\t\t<div data-elementor-type=\"wp-page\" data-elementor-id=\"1659\" class=\"elementor elementor-1659 elementor-16\" data-elementor-post-type=\"page\">\n\t\t\t\t<div class=\"elementor-element elementor-element-aa36921 e-flex e-con-boxed e-con e-parent\" data-id=\"aa36921\" data-element_type=\"container\" data-settings=\"{&quot;background_background&quot;:&quot;classic&quot;}\">\n\t\t\t\t\t<div class=\"e-con-inner\">\n\t\t<div class=\"elementor-element elementor-element-e2fa2cc e-con-full e-flex elementor-invisible e-con e-child\" data-id=\"e2fa2cc\" data-element_type=\"container\" data-settings=\"{&quot;animation&quot;:&quot;fadeIn&quot;}\">\n\t\t\t\t<div class=\"elementor-element elementor-element-e87d2bf elementor-widget elementor-widget-heading\" data-id=\"e87d2bf\" data-element_type=\"widget\" data-widget_type=\"heading.default\">\n\t\t\t\t<div class=\"elementor-widget-container\">\n\t\t\t<h1 class=\"elementor-heading-title elementor-size-default\">Desplazarse nunca ha sido tan f\u00e1cil<\/h1>\t\t<\/div>\n\t\t\t\t<\/div>\n\t\t\t\t<div class=\"elementor-element elementor-element-0f6e447 elementor-hidden-desktop elementor-hidden-tablet elementor-widget elementor-widget-image\" data-id=\"0f6e447\" data-element_type=\"widget\" data-widget_type=\"image.default\">\n\t\t\t\t<div class=\"elementor-widget-container\">\n\t\t\t\t\t\t\t\t\t\t\t\t\t<img fetchpriority=\"high\" decoding=\"async\" width=\"800\" height=\"727\" src=\"https:\/\/www.site.wetaxi.it\/wp-content\/uploads\/2024\/07\/header-home-1024x931.png\" class=\"attachment-large size-large wp-image-1465\" alt=\"Smartphone con aplicaci\u00f3n de movilidad junto a iconos de taxi, autob\u00fas, tren, coche, bicicleta y patinete el\u00e9ctrico.\" srcset=\"https:\/\/www.site.wetaxi.it\/wp-content\/uploads\/2024\/07\/header-home-1024x931.png 1024w, https:\/\/www.site.wetaxi.it\/wp-content\/uploads\/2024\/07\/header-home-300x273.png 300w, https:\/\/www.site.wetaxi.it\/wp-content\/uploads\/2024\/07\/header-home-768x698.png 768w, https:\/\/www.site.wetaxi.it\/wp-content\/uploads\/2024\/07\/header-home-1536x1397.png 1536w, https:\/\/www.site.wetaxi.it\/wp-content\/uploads\/2024\/07\/header-home.png 2019w\" sizes=\"(max-width: 800px) 100vw, 800px\" \/>\t\t\t\t\t\t\t\t\t\t\t\t\t<\/div>\n\t\t\t\t<\/div>\n\t\t\t\t<div class=\"elementor-element elementor-element-2354360 elementor-widget elementor-widget-text-editor\" data-id=\"2354360\" data-element_type=\"widget\" data-widget_type=\"text-editor.default\">\n\t\t\t\t<div class=\"elementor-widget-container\">\n\t\t\t\t\t\t\t<p>Tu aplicaci\u00f3n de taxi, \u00a1ahora con m\u00e1s servicios!<br \/>En las principales ciudades italianas y m\u00e1s all\u00e1.<\/p>\n\t\t\t\t\t\t<\/div>\n\t\t\t\t<\/div>\n\t\t\t\t<div class=\"elementor-element elementor-element-e7ce65f elementor-mobile-align-left elementor-hidden-mobile elementor-widget elementor-widget-button\" data-id=\"e7ce65f\" data-element_type=\"widget\" data-widget_type=\"button.default\">\n\t\t\t\t<div class=\"elementor-widget-container\">\n\t\t\t\t\t\t\t\t<a class=\"elementor-button elementor-button-link elementor-size-sm\" href=\"#elementor-action%3Aaction%3Dpopup%3Aopen%26settings%3DeyJpZCI6MTc1MywidG9nZ2xlIjpmYWxzZX0%3D\">\n\t\t\t\t\t\t<span class=\"elementor-button-content-wrapper\">\n\t\t\t\t\t\t\t\t\t<span class=\"elementor-button-text\">Descargar la app<\/span>\n\t\t\t\t\t<\/span>\n\t\t\t\t\t<\/a>\n\t\t\t\t\t\t<\/div>\n\t\t\t\t<\/div>\n\t\t\t\t<div class=\"elementor-element elementor-element-5142f91 elementor-mobile-align-left elementor-hidden-desktop elementor-hidden-tablet elementor-widget elementor-widget-button\" data-id=\"5142f91\" data-element_type=\"widget\" data-widget_type=\"button.default\">\n\t\t\t\t<div class=\"elementor-widget-container\">\n\t\t\t\t\t\t\t\t<a class=\"elementor-button elementor-button-link elementor-size-sm\" href=\"https:\/\/3zow.app.link\/\">\n\t\t\t\t\t\t<span class=\"elementor-button-content-wrapper\">\n\t\t\t\t\t\t\t\t\t<span class=\"elementor-button-text\">Descargar la app<\/span>\n\t\t\t\t\t<\/span>\n\t\t\t\t\t<\/a>\n\t\t\t\t\t\t<\/div>\n\t\t\t\t<\/div>\n\t\t\t\t<\/div>\n\t\t<div class=\"elementor-element elementor-element-5aa1bc2 e-con-full elementor-hidden-mobile e-flex e-con e-child\" data-id=\"5aa1bc2\" data-element_type=\"container\">\n\t\t\t\t<div class=\"elementor-element elementor-element-716eeb2 animated-fast elementor-invisible elementor-widget elementor-widget-image\" data-id=\"716eeb2\" data-element_type=\"widget\" data-settings=\"{&quot;_animation&quot;:&quot;fadeInRight&quot;}\" data-widget_type=\"image.default\">\n\t\t\t\t<div class=\"elementor-widget-container\">\n\t\t\t\t\t\t\t\t\t\t\t\t\t<img fetchpriority=\"high\" decoding=\"async\" width=\"800\" height=\"727\" src=\"https:\/\/www.site.wetaxi.it\/wp-content\/uploads\/2024\/07\/header-home-1024x931.png\" class=\"attachment-large size-large wp-image-1465\" alt=\"Smartphone con aplicaci\u00f3n de movilidad junto a iconos de taxi, autob\u00fas, tren, coche, bicicleta y patinete el\u00e9ctrico.\" srcset=\"https:\/\/www.site.wetaxi.it\/wp-content\/uploads\/2024\/07\/header-home-1024x931.png 1024w, https:\/\/www.site.wetaxi.it\/wp-content\/uploads\/2024\/07\/header-home-300x273.png 300w, https:\/\/www.site.wetaxi.it\/wp-content\/uploads\/2024\/07\/header-home-768x698.png 768w, https:\/\/www.site.wetaxi.it\/wp-content\/uploads\/2024\/07\/header-home-1536x1397.png 1536w, https:\/\/www.site.wetaxi.it\/wp-content\/uploads\/2024\/07\/header-home.png 2019w\" sizes=\"(max-width: 800px) 100vw, 800px\" \/>\t\t\t\t\t\t\t\t\t\t\t\t\t<\/div>\n\t\t\t\t<\/div>\n\t\t\t\t<\/div>\n\t\t\t\t\t<\/div>\n\t\t\t\t<\/div>\n\t\t<div class=\"elementor-element elementor-element-46fbeab e-flex e-con-boxed e-con e-parent\" data-id=\"46fbeab\" data-element_type=\"container\">\n\t\t\t\t\t<div class=\"e-con-inner\">\n\t\t<div class=\"elementor-element elementor-element-695af0c e-con-full e-flex elementor-invisible e-con e-child\" data-id=\"695af0c\" data-element_type=\"container\" data-settings=\"{&quot;background_background&quot;:&quot;classic&quot;,&quot;animation&quot;:&quot;fadeInLeft&quot;}\">\n\t\t<div class=\"elementor-element elementor-element-a41988c e-con-full animated-fast e-flex elementor-invisible e-con e-child\" data-id=\"a41988c\" data-element_type=\"container\" data-settings=\"{&quot;background_background&quot;:&quot;classic&quot;,&quot;animation&quot;:&quot;fadeInLeft&quot;}\">\n\t\t<div class=\"elementor-element elementor-element-abf4dcc e-con-full e-flex e-con e-child\" data-id=\"abf4dcc\" data-element_type=\"container\">\n\t\t<div class=\"elementor-element elementor-element-5ee04ca e-con-full e-flex e-con e-child\" data-id=\"5ee04ca\" data-element_type=\"container\">\n\t\t\t\t<div class=\"elementor-element elementor-element-8bdbc2f elementor-widget__width-initial elementor-widget elementor-widget-image\" data-id=\"8bdbc2f\" data-element_type=\"widget\" data-widget_type=\"image.default\">\n\t\t\t\t<div class=\"elementor-widget-container\">\n\t\t\t\t\t\t\t\t\t\t\t\t\t<img decoding=\"async\" width=\"703\" height=\"618\" src=\"https:\/\/www.site.wetaxi.it\/wp-content\/uploads\/2024\/07\/chiamataxi.png\" class=\"attachment-large size-large wp-image-1469\" alt=\"Icono de un taxi con un tel\u00e9fono.\" srcset=\"https:\/\/www.site.wetaxi.it\/wp-content\/uploads\/2024\/07\/chiamataxi.png 703w, https:\/\/www.site.wetaxi.it\/wp-content\/uploads\/2024\/07\/chiamataxi-300x264.png 300w\" sizes=\"(max-width: 703px) 100vw, 703px\" \/>\t\t\t\t\t\t\t\t\t\t\t\t\t<\/div>\n\t\t\t\t<\/div>\n\t\t\t\t<div class=\"elementor-element elementor-element-25a853e elementor-widget elementor-widget-heading\" data-id=\"25a853e\" data-element_type=\"widget\" data-widget_type=\"heading.default\">\n\t\t\t\t<div class=\"elementor-widget-container\">\n\t\t\t<h3 class=\"elementor-heading-title elementor-size-default\">\u00bfNecesitas un taxi ahora?<\/h3>\t\t<\/div>\n\t\t\t\t<\/div>\n\t\t\t\t<div class=\"elementor-element elementor-element-873e985 elementor-widget__width-initial elementor-widget elementor-widget-text-editor\" data-id=\"873e985\" data-element_type=\"widget\" data-widget_type=\"text-editor.default\">\n\t\t\t\t<div class=\"elementor-widget-container\">\n\t\t\t\t\t\t\t<p>Llama ahora a tu taxi desde la plataforma online<\/p>\n\t\t\t\t\t\t<\/div>\n\t\t\t\t<\/div>\n\t\t\t\t<div class=\"elementor-element elementor-element-6297c13 elementor-widget elementor-widget-button\" data-id=\"6297c13\" data-element_type=\"widget\" data-widget_type=\"button.default\">\n\t\t\t\t<div class=\"elementor-widget-container\">\n\t\t\t\t\t\t\t\t<a class=\"elementor-button elementor-button-link elementor-size-sm\" href=\"https:\/\/wetaxi.it\/chiamataxi\/it\">\n\t\t\t\t\t\t<span class=\"elementor-button-content-wrapper\">\n\t\t\t\t\t\t\t\t\t<span class=\"elementor-button-text\">Llama a un taxi  <\/span>\n\t\t\t\t\t<\/span>\n\t\t\t\t\t<\/a>\n\t\t\t\t\t\t<\/div>\n\t\t\t\t<\/div>\n\t\t\t\t<\/div>\n\t\t<div class=\"elementor-element elementor-element-43907a2 e-con-full e-flex e-con e-child\" data-id=\"43907a2\" data-element_type=\"container\">\n\t\t\t\t<div class=\"elementor-element elementor-element-ff4f94d elementor-widget__width-initial elementor-widget elementor-widget-image\" data-id=\"ff4f94d\" data-element_type=\"widget\" data-widget_type=\"image.default\">\n\t\t\t\t<div class=\"elementor-widget-container\">\n\t\t\t\t\t\t\t\t\t\t\t\t\t<img decoding=\"async\" width=\"800\" height=\"323\" src=\"https:\/\/www.site.wetaxi.it\/wp-content\/uploads\/2024\/07\/scopri-i-servizi-2-1024x414.png\" class=\"attachment-large size-large wp-image-1471\" alt=\"Ilustraci\u00f3n con taxi, autob\u00fas, tren, coche, bicicleta y scooter.\" srcset=\"https:\/\/www.site.wetaxi.it\/wp-content\/uploads\/2024\/07\/scopri-i-servizi-2-1024x414.png 1024w, https:\/\/www.site.wetaxi.it\/wp-content\/uploads\/2024\/07\/scopri-i-servizi-2-300x121.png 300w, https:\/\/www.site.wetaxi.it\/wp-content\/uploads\/2024\/07\/scopri-i-servizi-2-768x311.png 768w, https:\/\/www.site.wetaxi.it\/wp-content\/uploads\/2024\/07\/scopri-i-servizi-2.png 1527w\" sizes=\"(max-width: 800px) 100vw, 800px\" \/>\t\t\t\t\t\t\t\t\t\t\t\t\t<\/div>\n\t\t\t\t<\/div>\n\t\t\t\t<div class=\"elementor-element elementor-element-c31804f elementor-widget elementor-widget-heading\" data-id=\"c31804f\" data-element_type=\"widget\" data-widget_type=\"heading.default\">\n\t\t\t\t<div class=\"elementor-widget-container\">\n\t\t\t<h3 class=\"elementor-heading-title elementor-size-default\">Descubre todos los servicios<\/h3>\t\t<\/div>\n\t\t\t\t<\/div>\n\t\t\t\t<div class=\"elementor-element elementor-element-e74d422 elementor-widget__width-initial elementor-widget elementor-widget-text-editor\" data-id=\"e74d422\" data-element_type=\"widget\" data-widget_type=\"text-editor.default\">\n\t\t\t\t<div class=\"elementor-widget-container\">\n\t\t\t\t\t\t\t<p>Mu\u00e9vete por tu ciudad favorita como quieras gracias a los servicios in app<\/p>\n\t\t\t\t\t\t<\/div>\n\t\t\t\t<\/div>\n\t\t\t\t<div class=\"elementor-element elementor-element-6022436 elementor-widget elementor-widget-button\" data-id=\"6022436\" data-element_type=\"widget\" data-widget_type=\"button.default\">\n\t\t\t\t<div class=\"elementor-widget-container\">\n\t\t\t\t\t\t\t\t<a class=\"elementor-button elementor-button-link elementor-size-sm\" href=\"https:\/\/www.site.wetaxi.it\/tutti-i-servizi\/\">\n\t\t\t\t\t\t<span class=\"elementor-button-content-wrapper\">\n\t\t\t\t\t\t\t\t\t<span class=\"elementor-button-text\">M\u00e1s informaci\u00f3n<\/span>\n\t\t\t\t\t<\/span>\n\t\t\t\t\t<\/a>\n\t\t\t\t\t\t<\/div>\n\t\t\t\t<\/div>\n\t\t\t\t<\/div>\n\t\t<div class=\"elementor-element elementor-element-0549b3a e-con-full e-flex e-con e-child\" data-id=\"0549b3a\" data-element_type=\"container\" data-settings=\"{&quot;background_background&quot;:&quot;classic&quot;}\">\n\t\t\t\t<div class=\"elementor-element elementor-element-14ffc98 elementor-widget__width-initial elementor-widget elementor-widget-image\" data-id=\"14ffc98\" data-element_type=\"widget\" data-widget_type=\"image.default\">\n\t\t\t\t<div class=\"elementor-widget-container\">\n\t\t\t\t\t\t\t\t\t\t\t\t\t<img loading=\"lazy\" decoding=\"async\" width=\"704\" height=\"618\" src=\"https:\/\/www.site.wetaxi.it\/wp-content\/uploads\/2024\/07\/scarica-lapp.png\" class=\"attachment-large size-large wp-image-1473\" alt=\"Icono de un tel\u00e9fono con s\u00edmbolo de descarga\" srcset=\"https:\/\/www.site.wetaxi.it\/wp-content\/uploads\/2024\/07\/scarica-lapp.png 704w, https:\/\/www.site.wetaxi.it\/wp-content\/uploads\/2024\/07\/scarica-lapp-300x263.png 300w\" sizes=\"(max-width: 704px) 100vw, 704px\" \/>\t\t\t\t\t\t\t\t\t\t\t\t\t<\/div>\n\t\t\t\t<\/div>\n\t\t\t\t<div class=\"elementor-element elementor-element-beb8f95 elementor-widget elementor-widget-heading\" data-id=\"beb8f95\" data-element_type=\"widget\" data-widget_type=\"heading.default\">\n\t\t\t\t<div class=\"elementor-widget-container\">\n\t\t\t<h3 class=\"elementor-heading-title elementor-size-default\">Empieza a viajar<\/h3>\t\t<\/div>\n\t\t\t\t<\/div>\n\t\t\t\t<div class=\"elementor-element elementor-element-795cdfa elementor-widget__width-initial elementor-widget elementor-widget-text-editor\" data-id=\"795cdfa\" data-element_type=\"widget\" data-widget_type=\"text-editor.default\">\n\t\t\t\t<div class=\"elementor-widget-container\">\n\t\t\t\t\t\t\t<p>Desc\u00e1rgate ahora la app Wetaxi y descubre todas las ventajas y ofertas reservadas para ti<\/p>\n\t\t\t\t\t\t<\/div>\n\t\t\t\t<\/div>\n\t\t\t\t<div class=\"elementor-element elementor-element-e73b0c6 elementor-widget elementor-widget-button\" data-id=\"e73b0c6\" data-element_type=\"widget\" data-widget_type=\"button.default\">\n\t\t\t\t<div class=\"elementor-widget-container\">\n\t\t\t\t\t\t\t\t<a class=\"elementor-button elementor-button-link elementor-size-sm\" href=\"https:\/\/www.site.wetaxi.it\/tutti-i-servizi\/\">\n\t\t\t\t\t\t<span class=\"elementor-button-content-wrapper\">\n\t\t\t\t\t\t\t\t\t<span class=\"elementor-button-text\">M\u00e1s informaci\u00f3n<\/span>\n\t\t\t\t\t<\/span>\n\t\t\t\t\t<\/a>\n\t\t\t\t\t\t<\/div>\n\t\t\t\t<\/div>\n\t\t\t\t<\/div>\n\t\t\t\t<\/div>\n\t\t\t\t<\/div>\n\t\t\t\t<\/div>\n\t\t\t\t\t<\/div>\n\t\t\t\t<\/div>\n\t\t<div class=\"elementor-element elementor-element-5898c8a e-flex e-con-boxed e-con e-parent\" data-id=\"5898c8a\" data-element_type=\"container\" data-settings=\"{&quot;background_background&quot;:&quot;classic&quot;}\">\n\t\t\t\t\t<div class=\"e-con-inner\">\n\t\t<div class=\"elementor-element elementor-element-4585189 e-con-full e-flex elementor-invisible e-con e-child\" data-id=\"4585189\" data-element_type=\"container\" data-settings=\"{&quot;animation&quot;:&quot;fadeIn&quot;}\">\n\t\t\t\t<div class=\"elementor-element elementor-element-5e6bde8 elementor-invisible elementor-widget elementor-widget-heading\" data-id=\"5e6bde8\" data-element_type=\"widget\" data-settings=\"{&quot;_animation&quot;:&quot;fadeIn&quot;}\" data-widget_type=\"heading.default\">\n\t\t\t\t<div class=\"elementor-widget-container\">\n\t\t\t<h3 class=\"elementor-heading-title elementor-size-default\">\u00bfPor qu\u00e9 un taxi con Wetaxi?<\/h3>\t\t<\/div>\n\t\t\t\t<\/div>\n\t\t\t\t<div class=\"elementor-element elementor-element-a325736 elementor-widget__width-initial elementor-widget-tablet__width-initial elementor-icon-list--layout-traditional elementor-list-item-link-full_width elementor-widget elementor-widget-icon-list\" data-id=\"a325736\" data-element_type=\"widget\" data-widget_type=\"icon-list.default\">\n\t\t\t\t<div class=\"elementor-widget-container\">\n\t\t\t\t\t<ul class=\"elementor-icon-list-items\">\n\t\t\t\t\t\t\t<li class=\"elementor-icon-list-item\">\n\t\t\t\t\t\t\t\t\t\t\t<span class=\"elementor-icon-list-icon\">\n\t\t\t\t\t\t\t<svg aria-hidden=\"true\" class=\"e-font-icon-svg e-fas-map-marker-alt\" viewBox=\"0 0 384 512\" xmlns=\"http:\/\/www.w3.org\/2000\/svg\"><path d=\"M172.268 501.67C26.97 291.031 0 269.413 0 192 0 85.961 85.961 0 192 0s192 85.961 192 192c0 77.413-26.97 99.031-172.268 309.67-9.535 13.774-29.93 13.773-39.464 0zM192 272c44.183 0 80-35.817 80-80s-35.817-80-80-80-80 35.817-80 80 35.817 80 80 80z\"><\/path><\/svg>\t\t\t\t\t\t<\/span>\n\t\t\t\t\t\t\t\t\t\t<span class=\"elementor-icon-list-text\">Taxis y muchos servicios en una app<\/span>\n\t\t\t\t\t\t\t\t\t<\/li>\n\t\t\t\t\t\t\t\t<li class=\"elementor-icon-list-item\">\n\t\t\t\t\t\t\t\t\t\t\t<span class=\"elementor-icon-list-icon\">\n\t\t\t\t\t\t\t<svg aria-hidden=\"true\" class=\"e-font-icon-svg e-fas-phone\" viewBox=\"0 0 512 512\" xmlns=\"http:\/\/www.w3.org\/2000\/svg\"><path d=\"M493.4 24.6l-104-24c-11.3-2.6-22.9 3.3-27.5 13.9l-48 112c-4.2 9.8-1.4 21.3 6.9 28l60.6 49.6c-36 76.7-98.9 140.5-177.2 177.2l-49.6-60.6c-6.8-8.3-18.2-11.1-28-6.9l-112 48C3.9 366.5-2 378.1.6 389.4l24 104C27.1 504.2 36.7 512 48 512c256.1 0 464-207.5 464-464 0-11.2-7.7-20.9-18.6-23.4z\"><\/path><\/svg>\t\t\t\t\t\t<\/span>\n\t\t\t\t\t\t\t\t\t\t<span class=\"elementor-icon-list-text\">  Tarifa garantizada para tus viajes en taxi, \u00a1para que sepas el precio antes de subirte a bordo!<\/span>\n\t\t\t\t\t\t\t\t\t<\/li>\n\t\t\t\t\t\t\t\t<li class=\"elementor-icon-list-item\">\n\t\t\t\t\t\t\t\t\t\t\t<span class=\"elementor-icon-list-icon\">\n\t\t\t\t\t\t\t<svg aria-hidden=\"true\" class=\"e-font-icon-svg e-fas-envelope\" viewBox=\"0 0 512 512\" xmlns=\"http:\/\/www.w3.org\/2000\/svg\"><path d=\"M502.3 190.8c3.9-3.1 9.7-.2 9.7 4.7V400c0 26.5-21.5 48-48 48H48c-26.5 0-48-21.5-48-48V195.6c0-5 5.7-7.8 9.7-4.7 22.4 17.4 52.1 39.5 154.1 113.6 21.1 15.4 56.7 47.8 92.2 47.6 35.7.3 72-32.8 92.3-47.6 102-74.1 131.6-96.3 154-113.7zM256 320c23.2.4 56.6-29.2 73.4-41.4 132.7-96.3 142.8-104.7 173.4-128.7 5.8-4.5 9.2-11.5 9.2-18.9v-19c0-26.5-21.5-48-48-48H48C21.5 64 0 85.5 0 112v19c0 7.4 3.4 14.3 9.2 18.9 30.6 23.9 40.7 32.4 173.4 128.7 16.8 12.2 50.2 41.8 73.4 41.4z\"><\/path><\/svg>\t\t\t\t\t\t<\/span>\n\t\t\t\t\t\t\t\t\t\t<span class=\"elementor-icon-list-text\">Muchos m\u00e9todos de pago electr\u00f3nico para viajar sin efectivo<\/span>\n\t\t\t\t\t\t\t\t\t<\/li>\n\t\t\t\t\t\t\t\t<li class=\"elementor-icon-list-item\">\n\t\t\t\t\t\t\t\t\t\t\t<span class=\"elementor-icon-list-icon\">\n\t\t\t\t\t\t\t<svg aria-hidden=\"true\" class=\"e-font-icon-svg e-fas-check\" viewBox=\"0 0 512 512\" xmlns=\"http:\/\/www.w3.org\/2000\/svg\"><path d=\"M173.898 439.404l-166.4-166.4c-9.997-9.997-9.997-26.206 0-36.204l36.203-36.204c9.997-9.998 26.207-9.998 36.204 0L192 312.69 432.095 72.596c9.997-9.997 26.207-9.997 36.204 0l36.203 36.204c9.997 9.997 9.997 26.206 0 36.204l-294.4 294.401c-9.998 9.997-26.207 9.997-36.204-.001z\"><\/path><\/svg>\t\t\t\t\t\t<\/span>\n\t\t\t\t\t\t\t\t\t\t<span class=\"elementor-icon-list-text\">Una app para tu taxi en Tur\u00edn, Mil\u00e1n, Roma, N\u00e1poles y muchas otras ciudades<\/span>\n\t\t\t\t\t\t\t\t\t<\/li>\n\t\t\t\t\t\t<\/ul>\n\t\t\t\t<\/div>\n\t\t\t\t<\/div>\n\t\t\t\t<div class=\"elementor-element elementor-element-1a47efb elementor-widget elementor-widget-button\" data-id=\"1a47efb\" data-element_type=\"widget\" data-widget_type=\"button.default\">\n\t\t\t\t<div class=\"elementor-widget-container\">\n\t\t\t\t\t\t\t\t<a class=\"elementor-button elementor-button-link elementor-size-sm\" href=\"https:\/\/www.site.wetaxi.it\/scopri-wetaxi\/\">\n\t\t\t\t\t\t<span class=\"elementor-button-content-wrapper\">\n\t\t\t\t\t\t\t\t\t<span class=\"elementor-button-text\">M\u00e1s informaci\u00f3n<\/span>\n\t\t\t\t\t<\/span>\n\t\t\t\t\t<\/a>\n\t\t\t\t\t\t<\/div>\n\t\t\t\t<\/div>\n\t\t\t\t<\/div>\n\t\t<div class=\"elementor-element elementor-element-01fe33f e-con-full e-flex e-con e-child\" data-id=\"01fe33f\" data-element_type=\"container\">\n\t\t\t\t<div class=\"elementor-element elementor-element-1abc108 elementor-widget elementor-widget-image\" data-id=\"1abc108\" data-element_type=\"widget\" data-widget_type=\"image.default\">\n\t\t\t\t<div class=\"elementor-widget-container\">\n\t\t\t\t\t\t\t\t\t\t\t\t\t<img loading=\"lazy\" decoding=\"async\" width=\"800\" height=\"910\" src=\"https:\/\/www.site.wetaxi.it\/wp-content\/uploads\/2024\/07\/tariffa-garantita-900x1024.png\" class=\"attachment-large size-large wp-image-1475\" alt=\"Tel\u00e9fono inteligente con aplicaci\u00f3n que dice tarifa garantizada con un \u00edcono de taxi\" srcset=\"https:\/\/www.site.wetaxi.it\/wp-content\/uploads\/2024\/07\/tariffa-garantita-900x1024.png 900w, https:\/\/www.site.wetaxi.it\/wp-content\/uploads\/2024\/07\/tariffa-garantita-264x300.png 264w, https:\/\/www.site.wetaxi.it\/wp-content\/uploads\/2024\/07\/tariffa-garantita-768x874.png 768w, https:\/\/www.site.wetaxi.it\/wp-content\/uploads\/2024\/07\/tariffa-garantita-1350x1536.png 1350w, https:\/\/www.site.wetaxi.it\/wp-content\/uploads\/2024\/07\/tariffa-garantita.png 1368w\" sizes=\"(max-width: 800px) 100vw, 800px\" \/>\t\t\t\t\t\t\t\t\t\t\t\t\t<\/div>\n\t\t\t\t<\/div>\n\t\t\t\t<\/div>\n\t\t\t\t\t<\/div>\n\t\t\t\t<\/div>\n\t\t<div class=\"elementor-element elementor-element-47f5a2a e-flex e-con-boxed e-con e-parent\" data-id=\"47f5a2a\" data-element_type=\"container\">\n\t\t\t\t\t<div class=\"e-con-inner\">\n\t\t<div class=\"elementor-element elementor-element-dfc04c2 e-con-full e-flex e-con e-child\" data-id=\"dfc04c2\" data-element_type=\"container\">\n\t\t\t\t<div class=\"elementor-element elementor-element-853bae1 elementor-widget elementor-widget-image\" data-id=\"853bae1\" data-element_type=\"widget\" data-widget_type=\"image.default\">\n\t\t\t\t<div class=\"elementor-widget-container\">\n\t\t\t\t\t\t\t\t\t\t\t\t\t<img loading=\"lazy\" decoding=\"async\" width=\"800\" height=\"798\" src=\"https:\/\/www.site.wetaxi.it\/wp-content\/uploads\/2024\/07\/Screenshot-2024-07-01-alle-18.43.02.png\" class=\"attachment-large size-large wp-image-1479\" alt=\"Fotograf\u00eda de un hombre delante de un taxi.\" srcset=\"https:\/\/www.site.wetaxi.it\/wp-content\/uploads\/2024\/07\/Screenshot-2024-07-01-alle-18.43.02.png 1010w, https:\/\/www.site.wetaxi.it\/wp-content\/uploads\/2024\/07\/Screenshot-2024-07-01-alle-18.43.02-300x300.png 300w, https:\/\/www.site.wetaxi.it\/wp-content\/uploads\/2024\/07\/Screenshot-2024-07-01-alle-18.43.02-150x150.png 150w, https:\/\/www.site.wetaxi.it\/wp-content\/uploads\/2024\/07\/Screenshot-2024-07-01-alle-18.43.02-768x766.png 768w\" sizes=\"(max-width: 800px) 100vw, 800px\" \/>\t\t\t\t\t\t\t\t\t\t\t\t\t<\/div>\n\t\t\t\t<\/div>\n\t\t\t\t<\/div>\n\t\t<div class=\"elementor-element elementor-element-b331925 e-con-full e-flex e-con e-child\" data-id=\"b331925\" data-element_type=\"container\">\n\t\t\t\t<div class=\"elementor-element elementor-element-6a8cc1d elementor-invisible elementor-widget elementor-widget-heading\" data-id=\"6a8cc1d\" data-element_type=\"widget\" data-settings=\"{&quot;_animation&quot;:&quot;fadeIn&quot;}\" data-widget_type=\"heading.default\">\n\t\t\t\t<div class=\"elementor-widget-container\">\n\t\t\t<h3 class=\"elementor-heading-title elementor-size-default\">Wetaxi para radiotaxis<\/h3>\t\t<\/div>\n\t\t\t\t<\/div>\n\t\t\t\t<div class=\"elementor-element elementor-element-2cb64a0 elementor-widget elementor-widget-text-editor\" data-id=\"2cb64a0\" data-element_type=\"widget\" data-widget_type=\"text-editor.default\">\n\t\t\t\t<div class=\"elementor-widget-container\">\n\t\t\t\t\t\t\t<p>Tenemos una misi\u00f3n clara: ofrecer radiotaxis con innovaci\u00f3n, pasi\u00f3n y el poder de la comunicaci\u00f3n.<\/p>\n<p><span style=\"text-align: var(--text-align); color: var( --e-global-color-secondary );\">Todos ellos son elementos esenciales para triunfar en un mercado muy competitivo y ofrecer un servicio innovador a los clientes.<\/span><\/p>\t\t\t\t\t\t<\/div>\n\t\t\t\t<\/div>\n\t\t\t\t<div class=\"elementor-element elementor-element-df89856 elementor-widget elementor-widget-button\" data-id=\"df89856\" data-element_type=\"widget\" data-widget_type=\"button.default\">\n\t\t\t\t<div class=\"elementor-widget-container\">\n\t\t\t\t\t\t\t\t<a class=\"elementor-button elementor-button-link elementor-size-sm\" href=\"https:\/\/www.site.wetaxi.it\/operatori\/\">\n\t\t\t\t\t\t<span class=\"elementor-button-content-wrapper\">\n\t\t\t\t\t\t\t\t\t<span class=\"elementor-button-text\">M\u00e1s informaci\u00f3n<\/span>\n\t\t\t\t\t<\/span>\n\t\t\t\t\t<\/a>\n\t\t\t\t\t\t<\/div>\n\t\t\t\t<\/div>\n\t\t\t\t<\/div>\n\t\t\t\t\t<\/div>\n\t\t\t\t<\/div>\n\t\t\t\t<\/div>\n\t\t","protected":false},"excerpt":{"rendered":"<p>Desplazarse nunca ha sido tan f\u00e1cil Tu aplicaci\u00f3n de taxi, \u00a1ahora con m\u00e1s servicios!En las principales ciudades italianas y m\u00e1s all\u00e1. Descargar la app Descargar la app \u00bfNecesitas un taxi ahora? Llama ahora a tu taxi desde la plataforma online Llama a un taxi Descubre todos los servicios Mu\u00e9vete por tu ciudad favorita como quieras [&hellip;]<\/p>\n","protected":false},"author":3,"featured_media":0,"parent":0,"menu_order":0,"comment_status":"closed","ping_status":"closed","template":"","meta":{"footnotes":""},"class_list":["post-1659","page","type-page","status-publish","hentry"],"_links":{"self":[{"href":"https:\/\/www.site.wetaxi.it\/es\/wp-json\/wp\/v2\/pages\/1659","targetHints":{"allow":["GET"]}}],"collection":[{"href":"https:\/\/www.site.wetaxi.it\/es\/wp-json\/wp\/v2\/pages"}],"about":[{"href":"https:\/\/www.site.wetaxi.it\/es\/wp-json\/wp\/v2\/types\/page"}],"author":[{"embeddable":true,"href":"https:\/\/www.site.wetaxi.it\/es\/wp-json\/wp\/v2\/users\/3"}],"replies":[{"embeddable":true,"href":"https:\/\/www.site.wetaxi.it\/es\/wp-json\/wp\/v2\/comments?post=1659"}],"version-history":[{"count":6,"href":"https:\/\/www.site.wetaxi.it\/es\/wp-json\/wp\/v2\/pages\/1659\/revisions"}],"predecessor-version":[{"id":1840,"href":"https:\/\/www.site.wetaxi.it\/es\/wp-json\/wp\/v2\/pages\/1659\/revisions\/1840"}],"wp:attachment":[{"href":"https:\/\/www.site.wetaxi.it\/es\/wp-json\/wp\/v2\/media?parent=1659"}],"curies":[{"name":"wp","href":"https:\/\/api.w.org\/{rel}","templated":true}]}}